{"id":54478,"date":"2021-05-21T15:37:05","date_gmt":"2021-05-21T07:37:05","guid":{"rendered":"https:\/\/www.tm-robot.com\/erfolgsgeschichten\/"},"modified":"2023-08-28T16:00:54","modified_gmt":"2023-08-28T08:00:54","slug":"case-study","status":"publish","type":"page","link":"https:\/\/www2.tm-robot.com\/de\/case-study\/","title":{"rendered":"Erfolgsgeschichten"},"content":{"rendered":"\t\t<div data-elementor-type=\"wp-page\" data-elementor-id=\"54478\" class=\"elementor elementor-54478 elementor-45334\">\n\t\t\t\t\t\t\t\t\t<section class=\"elementor-section elementor-top-section elementor-element elementor-element-5f34ede8 elementor-section-boxed elementor-section-height-default elementor-section-height-default\" data-id=\"5f34ede8\" data-element_type=\"section\">\n\t\t\t\t\t\t<div class=\"elementor-container elementor-column-gap-default\">\n\t\t\t\t\t<div class=\"elementor-column elementor-col-100 elementor-top-column elementor-element elementor-element-6c481ded\" data-id=\"6c481ded\" data-element_type=\"column\">\n\t\t\t<div class=\"elementor-widget-wrap elementor-element-populated\">\n\t\t\t\t\t\t\t\t<div class=\"elementor-element elementor-element-5b48d1c1 elementor-widget elementor-widget-text-editor\" data-id=\"5b48d1c1\" data-element_type=\"widget\" data-widget_type=\"text-editor.default\">\n\t\t\t\t<div class=\"elementor-widget-container\">\n\t\t\t\t\t\t\t<h2 class=\"has-text-align-center\">Erfolgsgeschichten<\/h2>\r\n<div class=\"elementor-element elementor-element-5b48d1c1 elementor-widget elementor-widget-text-editor\" data-id=\"5b48d1c1\" data-element_type=\"widget\" data-widget_type=\"text-editor.default\">\r\n<div class=\"elementor-widget-container\">\r\n<div class=\"elementor-text-editor elementor-clearfix\">\r\n<p class=\"has-text-align-center\">Techman Robot sorgt seit vielen Jahren mit effizienten Automatisierungsl\u00f6sungen f\u00fcr den Erfolg unserer Kunden. T\u00e4glich sind Tausende von TM Robot auf der ganzen Welt im Einsatz. Nachfolgend finden Sie verschiedene Gesch\u00e4ftsf\u00e4lle, in denen unsere kollaborativen Roboter Unternehmen zum Erfolg verhelfen.<\/p>\r\n\r\n<\/div>\r\n<\/div>\r\n<\/div>\t\t\t\t\t\t<\/div>\n\t\t\t\t<\/div>\n\t\t\t\t<div class=\"elementor-element elementor-element-d6fdd99 elementor-grid-3 elementor-grid-tablet-2 elementor-grid-mobile-1 elementor-posts--thumbnail-top elementor-widget elementor-widget-posts\" data-id=\"d6fdd99\" data-element_type=\"widget\" data-settings=\"{&quot;classic_columns&quot;:&quot;3&quot;,&quot;classic_columns_tablet&quot;:&quot;2&quot;,&quot;classic_columns_mobile&quot;:&quot;1&quot;,&quot;classic_row_gap&quot;:{&quot;unit&quot;:&quot;px&quot;,&quot;size&quot;:35,&quot;sizes&quot;:[]},&quot;classic_row_gap_tablet&quot;:{&quot;unit&quot;:&quot;px&quot;,&quot;size&quot;:&quot;&quot;,&quot;sizes&quot;:[]},&quot;classic_row_gap_mobile&quot;:{&quot;unit&quot;:&quot;px&quot;,&quot;size&quot;:&quot;&quot;,&quot;sizes&quot;:[]}}\" data-widget_type=\"posts.classic\">\n\t\t\t\t<div class=\"elementor-widget-container\">\n\t\t\t\t\t<div class=\"elementor-posts-container elementor-posts elementor-posts--skin-classic elementor-grid\">\n\t\t\t\t<article class=\"elementor-post elementor-grid-item post-54480 case-studycase-study type-case-studycase-study status-publish has-post-thumbnail hentry\">\n\t\t\t\t<a class=\"elementor-post__thumbnail__link\" href=\"https:\/\/www2.tm-robot.com\/de\/case-studycase-study\/tung-pei-industrial-co\/\" >\n\t\t\t<div class=\"elementor-post__thumbnail\"><img width=\"300\" height=\"300\" src=\"https:\/\/tm-robot.oss-cn-hongkong.aliyuncs.com\/wp-content\/uploads\/2021\/07\/cover-300x300.png\" class=\"attachment-medium size-medium\" alt=\"Tung Pei Cover\" loading=\"lazy\" \/><\/div>\n\t\t<\/a>\n\t\t\t\t<div class=\"elementor-post__text\">\n\t\t\t\t<h3 class=\"elementor-post__title\">\n\t\t\t<a href=\"https:\/\/www2.tm-robot.com\/de\/case-studycase-study\/tung-pei-industrial-co\/\" >\n\t\t\t\tTung Pei Industrial Co.\t\t\t<\/a>\n\t\t<\/h3>\n\t\t\t\t<div class=\"elementor-post__excerpt\">\n\t\t\t<p>F\u00fcr Manager in Produktionsbetrieben sind gesteigerte Produktivit\u00e4ten und Qualit\u00e4tsverbesserungen wesentliche Faktoren, die stets angestrebt werden. Um diese \u00fcbergeordneten Ziele zu erreichen, m\u00fcssen sie jedoch die<\/p>\n\t\t<\/div>\n\t\t\n\t\t<a class=\"elementor-post__read-more\" href=\"https:\/\/www2.tm-robot.com\/de\/case-studycase-study\/tung-pei-industrial-co\/\" >\n\t\t\tRead More \u00bb\t\t<\/a>\n\n\t\t\t\t<\/div>\n\t\t\t\t<\/article>\n\t\t\t\t<article class=\"elementor-post elementor-grid-item post-54481 case-studycase-study type-case-studycase-study status-publish has-post-thumbnail hentry\">\n\t\t\t\t<a class=\"elementor-post__thumbnail__link\" href=\"https:\/\/www2.tm-robot.com\/de\/case-studycase-study\/chumpower-machinery-corp\/\" >\n\t\t\t<div class=\"elementor-post__thumbnail\"><img width=\"300\" height=\"300\" src=\"https:\/\/tm-robot.oss-cn-hongkong.aliyuncs.com\/wp-content\/uploads\/2021\/07\/cover-1-300x300.png\" class=\"attachment-medium size-medium\" alt=\"Chumpower cover\" loading=\"lazy\" \/><\/div>\n\t\t<\/a>\n\t\t\t\t<div class=\"elementor-post__text\">\n\t\t\t\t<h3 class=\"elementor-post__title\">\n\t\t\t<a href=\"https:\/\/www2.tm-robot.com\/de\/case-studycase-study\/chumpower-machinery-corp\/\" >\n\t\t\t\tChumpower Machinery Corp.\t\t\t<\/a>\n\t\t<\/h3>\n\t\t\t\t<div class=\"elementor-post__excerpt\">\n\t\t\t<p>W\u00e4hrend in der heutigen Zeit Technologien unser Leben &#8220;smarter&#8221; machen, versuchen auch Unternehmen und Betriebe, die menschlichen F\u00e4higkeiten intelligenter zu nutzen, indem sie die Besch\u00e4ftigten<\/p>\n\t\t<\/div>\n\t\t\n\t\t<a class=\"elementor-post__read-more\" href=\"https:\/\/www2.tm-robot.com\/de\/case-studycase-study\/chumpower-machinery-corp\/\" >\n\t\t\tRead More \u00bb\t\t<\/a>\n\n\t\t\t\t<\/div>\n\t\t\t\t<\/article>\n\t\t\t\t<article class=\"elementor-post elementor-grid-item post-54482 case-studycase-study type-case-studycase-study status-publish has-post-thumbnail hentry\">\n\t\t\t\t<a class=\"elementor-post__thumbnail__link\" href=\"https:\/\/www2.tm-robot.com\/de\/case-studycase-study\/crown-coffee\/\" >\n\t\t\t<div class=\"elementor-post__thumbnail\"><img width=\"300\" height=\"300\" src=\"https:\/\/tm-robot.oss-cn-hongkong.aliyuncs.com\/wp-content\/uploads\/2021\/07\/cover-2-300x300.png\" class=\"attachment-medium size-medium\" alt=\"Crown Coffee cover\" loading=\"lazy\" \/><\/div>\n\t\t<\/a>\n\t\t\t\t<div class=\"elementor-post__text\">\n\t\t\t\t<h3 class=\"elementor-post__title\">\n\t\t\t<a href=\"https:\/\/www2.tm-robot.com\/de\/case-studycase-study\/crown-coffee\/\" >\n\t\t\t\tCrown Coffee\t\t\t<\/a>\n\t\t<\/h3>\n\t\t\t\t<div class=\"elementor-post__excerpt\">\n\t\t\t<p>Wenn wir \u00fcber Roboterarme sprechen, sind Restaurants im Allgemeinen nicht der erste Ort, an dem man einen Roboterarm vermuten w\u00fcrde. Mit der F\u00e4higkeit, eng mit<\/p>\n\t\t<\/div>\n\t\t\n\t\t<a class=\"elementor-post__read-more\" href=\"https:\/\/www2.tm-robot.com\/de\/case-studycase-study\/crown-coffee\/\" >\n\t\t\tRead More \u00bb\t\t<\/a>\n\n\t\t\t\t<\/div>\n\t\t\t\t<\/article>\n\t\t\t\t<article class=\"elementor-post elementor-grid-item post-54483 case-studycase-study type-case-studycase-study status-publish has-post-thumbnail hentry\">\n\t\t\t\t<a class=\"elementor-post__thumbnail__link\" href=\"https:\/\/www2.tm-robot.com\/de\/case-studycase-study\/techman-thailand-factory\/\" >\n\t\t\t<div class=\"elementor-post__thumbnail\"><img width=\"300\" height=\"300\" src=\"https:\/\/tm-robot.oss-cn-hongkong.aliyuncs.com\/wp-content\/uploads\/2021\/05\/techman-thailand-factory-300x300.png\" class=\"attachment-medium size-medium\" alt=\"\" loading=\"lazy\" \/><\/div>\n\t\t<\/a>\n\t\t\t\t<div class=\"elementor-post__text\">\n\t\t\t\t<h3 class=\"elementor-post__title\">\n\t\t\t<a href=\"https:\/\/www2.tm-robot.com\/de\/case-studycase-study\/techman-thailand-factory\/\" >\n\t\t\t\tTechman Thailand Factory\t\t\t<\/a>\n\t\t<\/h3>\n\t\t\t\t<div class=\"elementor-post__excerpt\">\n\t\t\t<p>Die Techman Thailand Factory verf\u00fcgt \u00fcber mehrere SMT- und Leiterplatten-Produktionslinien. Um mit der Nachfrage Schritt halten zu k\u00f6nnen, wurde der TM Robot eingef\u00fchrt, um die<\/p>\n\t\t<\/div>\n\t\t\n\t\t<a class=\"elementor-post__read-more\" href=\"https:\/\/www2.tm-robot.com\/de\/case-studycase-study\/techman-thailand-factory\/\" >\n\t\t\tRead More \u00bb\t\t<\/a>\n\n\t\t\t\t<\/div>\n\t\t\t\t<\/article>\n\t\t\t\t<\/div>\n\t\t\n\t\t\t\t<\/div>\n\t\t\t\t<\/div>\n\t\t\t\t\t<\/div>\n\t\t<\/div>\n\t\t\t\t\t\t\t<\/div>\n\t\t<\/section>\n\t\t\t\t\t\t\t<\/div>\n\t\t","protected":false},"excerpt":{"rendered":"<p>Erfolgsgeschichten Techman Robot sorgt seit vielen Jahren mit effizienten Automatisierungsl\u00f6sungen f\u00fcr den Erfolg unserer Kunden. T\u00e4glich sind Tausende von TM Robot auf der ganzen Welt im Einsatz. Nachfolgend finden Sie verschiedene Gesch\u00e4ftsf\u00e4lle, in denen unsere kollaborativen Roboter Unternehmen zum Erfolg verhelfen.<\/p>\n","protected":false},"author":1,"featured_media":0,"parent":0,"menu_order":0,"comment_status":"closed","ping_status":"closed","template":"","meta":[],"wf_page_folders":[3145],"acf":[],"yoast_head":"<!-- This site is optimized with the Yoast SEO plugin v16.9 - https:\/\/yoast.com\/wordpress\/plugins\/seo\/ -->\n<title>Techman Robot | Erfolgsgeschichten<\/title>\n<meta name=\"robots\" content=\"index, follow, max-snippet:-1, max-image-preview:large, max-video-preview:-1\" \/>\n<link rel=\"canonical\" href=\"https:\/\/www2.tm-robot.com\/de\/case-study\/\" \/>\n<meta property=\"og:locale\" content=\"de_DE\" \/>\n<meta property=\"og:type\" content=\"article\" \/>\n<meta property=\"og:title\" content=\"Techman Robot | Erfolgsgeschichten\" \/>\n<meta property=\"og:description\" content=\"Erfolgsgeschichten Techman Robot sorgt seit vielen Jahren mit effizienten Automatisierungsl\u00f6sungen f\u00fcr den Erfolg unserer Kunden. T\u00e4glich sind Tausende von TM Robot auf der ganzen Welt im Einsatz. Nachfolgend finden Sie verschiedene Gesch\u00e4ftsf\u00e4lle, in denen unsere kollaborativen Roboter Unternehmen zum Erfolg verhelfen.\" \/>\n<meta property=\"og:url\" content=\"https:\/\/www2.tm-robot.com\/de\/case-study\/\" \/>\n<meta property=\"og:site_name\" content=\"Techman Robot\" \/>\n<meta property=\"article:modified_time\" content=\"2023-08-28T08:00:54+00:00\" \/>\n<meta name=\"twitter:card\" content=\"summary_large_image\" \/>\n<script type=\"application\/ld+json\" class=\"yoast-schema-graph\">{\"@context\":\"https:\/\/schema.org\",\"@graph\":[{\"@type\":\"Organization\",\"@id\":\"https:\/\/www2.tm-robot.com\/de\/#organization\",\"name\":\"Techman Robot\",\"url\":\"https:\/\/www2.tm-robot.com\/de\/\",\"sameAs\":[],\"logo\":{\"@type\":\"ImageObject\",\"@id\":\"https:\/\/www2.tm-robot.com\/de\/#logo\",\"inLanguage\":\"de-DE\",\"url\":\"https:\/\/tm-robot.oss-cn-hongkong.aliyuncs.com\/wp-content\/uploads\/2018\/09\/logo.png\",\"contentUrl\":\"https:\/\/tm-robot.oss-cn-hongkong.aliyuncs.com\/wp-content\/uploads\/2018\/09\/logo.png\",\"width\":221,\"height\":196,\"caption\":\"Techman Robot\"},\"image\":{\"@id\":\"https:\/\/www2.tm-robot.com\/de\/#logo\"}},{\"@type\":\"WebSite\",\"@id\":\"https:\/\/www2.tm-robot.com\/de\/#website\",\"url\":\"https:\/\/www2.tm-robot.com\/de\/\",\"name\":\"Techman Robot\",\"description\":\"Intelligent Cobots for a World of Applications\",\"publisher\":{\"@id\":\"https:\/\/www2.tm-robot.com\/de\/#organization\"},\"potentialAction\":[{\"@type\":\"SearchAction\",\"target\":{\"@type\":\"EntryPoint\",\"urlTemplate\":\"https:\/\/www2.tm-robot.com\/de\/?s={search_term_string}\"},\"query-input\":\"required name=search_term_string\"}],\"inLanguage\":\"de-DE\"},{\"@type\":\"WebPage\",\"@id\":\"https:\/\/www2.tm-robot.com\/de\/case-study\/#webpage\",\"url\":\"https:\/\/www2.tm-robot.com\/de\/case-study\/\",\"name\":\"Techman Robot | Erfolgsgeschichten\",\"isPartOf\":{\"@id\":\"https:\/\/www2.tm-robot.com\/de\/#website\"},\"datePublished\":\"2021-05-21T07:37:05+00:00\",\"dateModified\":\"2023-08-28T08:00:54+00:00\",\"breadcrumb\":{\"@id\":\"https:\/\/www2.tm-robot.com\/de\/case-study\/#breadcrumb\"},\"inLanguage\":\"de-DE\",\"potentialAction\":[{\"@type\":\"ReadAction\",\"target\":[\"https:\/\/www2.tm-robot.com\/de\/case-study\/\"]}]},{\"@type\":\"BreadcrumbList\",\"@id\":\"https:\/\/www2.tm-robot.com\/de\/case-study\/#breadcrumb\",\"itemListElement\":[{\"@type\":\"ListItem\",\"position\":1,\"name\":\"Home\",\"item\":\"https:\/\/www2.tm-robot.com\/de\/\"},{\"@type\":\"ListItem\",\"position\":2,\"name\":\"Erfolgsgeschichten\"}]}]}<\/script>\n<!-- \/ Yoast SEO plugin. -->","yoast_head_json":{"title":"Techman Robot | Erfolgsgeschichten","robots":{"index":"index","follow":"follow","max-snippet":"max-snippet:-1","max-image-preview":"max-image-preview:large","max-video-preview":"max-video-preview:-1"},"canonical":"https:\/\/www2.tm-robot.com\/de\/case-study\/","og_locale":"de_DE","og_type":"article","og_title":"Techman Robot | Erfolgsgeschichten","og_description":"Erfolgsgeschichten Techman Robot sorgt seit vielen Jahren mit effizienten Automatisierungsl\u00f6sungen f\u00fcr den Erfolg unserer Kunden. T\u00e4glich sind Tausende von TM Robot auf der ganzen Welt im Einsatz. Nachfolgend finden Sie verschiedene Gesch\u00e4ftsf\u00e4lle, in denen unsere kollaborativen Roboter Unternehmen zum Erfolg verhelfen.","og_url":"https:\/\/www2.tm-robot.com\/de\/case-study\/","og_site_name":"Techman Robot","article_modified_time":"2023-08-28T08:00:54+00:00","twitter_card":"summary_large_image","schema":{"@context":"https:\/\/schema.org","@graph":[{"@type":"Organization","@id":"https:\/\/www2.tm-robot.com\/de\/#organization","name":"Techman Robot","url":"https:\/\/www2.tm-robot.com\/de\/","sameAs":[],"logo":{"@type":"ImageObject","@id":"https:\/\/www2.tm-robot.com\/de\/#logo","inLanguage":"de-DE","url":"https:\/\/tm-robot.oss-cn-hongkong.aliyuncs.com\/wp-content\/uploads\/2018\/09\/logo.png","contentUrl":"https:\/\/tm-robot.oss-cn-hongkong.aliyuncs.com\/wp-content\/uploads\/2018\/09\/logo.png","width":221,"height":196,"caption":"Techman Robot"},"image":{"@id":"https:\/\/www2.tm-robot.com\/de\/#logo"}},{"@type":"WebSite","@id":"https:\/\/www2.tm-robot.com\/de\/#website","url":"https:\/\/www2.tm-robot.com\/de\/","name":"Techman Robot","description":"Intelligent Cobots for a World of Applications","publisher":{"@id":"https:\/\/www2.tm-robot.com\/de\/#organization"},"potentialAction":[{"@type":"SearchAction","target":{"@type":"EntryPoint","urlTemplate":"https:\/\/www2.tm-robot.com\/de\/?s={search_term_string}"},"query-input":"required name=search_term_string"}],"inLanguage":"de-DE"},{"@type":"WebPage","@id":"https:\/\/www2.tm-robot.com\/de\/case-study\/#webpage","url":"https:\/\/www2.tm-robot.com\/de\/case-study\/","name":"Techman Robot | Erfolgsgeschichten","isPartOf":{"@id":"https:\/\/www2.tm-robot.com\/de\/#website"},"datePublished":"2021-05-21T07:37:05+00:00","dateModified":"2023-08-28T08:00:54+00:00","breadcrumb":{"@id":"https:\/\/www2.tm-robot.com\/de\/case-study\/#breadcrumb"},"inLanguage":"de-DE","potentialAction":[{"@type":"ReadAction","target":["https:\/\/www2.tm-robot.com\/de\/case-study\/"]}]},{"@type":"BreadcrumbList","@id":"https:\/\/www2.tm-robot.com\/de\/case-study\/#breadcrumb","itemListElement":[{"@type":"ListItem","position":1,"name":"Home","item":"https:\/\/www2.tm-robot.com\/de\/"},{"@type":"ListItem","position":2,"name":"Erfolgsgeschichten"}]}]}},"_links":{"self":[{"href":"https:\/\/www2.tm-robot.com\/de\/wp-json\/wp\/v2\/pages\/54478"}],"collection":[{"href":"https:\/\/www2.tm-robot.com\/de\/wp-json\/wp\/v2\/pages"}],"about":[{"href":"https:\/\/www2.tm-robot.com\/de\/wp-json\/wp\/v2\/types\/page"}],"author":[{"embeddable":true,"href":"https:\/\/www2.tm-robot.com\/de\/wp-json\/wp\/v2\/users\/1"}],"replies":[{"embeddable":true,"href":"https:\/\/www2.tm-robot.com\/de\/wp-json\/wp\/v2\/comments?post=54478"}],"version-history":[{"count":1,"href":"https:\/\/www2.tm-robot.com\/de\/wp-json\/wp\/v2\/pages\/54478\/revisions"}],"predecessor-version":[{"id":98329,"href":"https:\/\/www2.tm-robot.com\/de\/wp-json\/wp\/v2\/pages\/54478\/revisions\/98329"}],"wp:attachment":[{"href":"https:\/\/www2.tm-robot.com\/de\/wp-json\/wp\/v2\/media?parent=54478"}],"wp:term":[{"taxonomy":"wf_page_folders","embeddable":true,"href":"https:\/\/www2.tm-robot.com\/de\/wp-json\/wp\/v2\/wf_page_folders?post=54478"}],"curies":[{"name":"wp","href":"https:\/\/api.w.org\/{rel}","templated":true}]}}