{"id":49883,"date":"2018-09-05T13:23:57","date_gmt":"2018-09-05T05:23:57","guid":{"rendered":"https:\/\/www.tm-robot.com\/tm-aktuelles\/"},"modified":"2023-08-29T16:32:22","modified_gmt":"2023-08-29T08:32:22","slug":"tm-news","status":"publish","type":"page","link":"https:\/\/www2.tm-robot.com\/de\/tm-news\/","title":{"rendered":"TM Aktuelles"},"content":{"rendered":"\t\t<div data-elementor-type=\"wp-page\" data-elementor-id=\"49883\" class=\"elementor elementor-49883 elementor-7004\">\n\t\t\t\t\t\t\t\t\t<section class=\"elementor-section elementor-top-section elementor-element elementor-element-5bcbbdd3 elementor-section-boxed elementor-section-height-default elementor-section-height-default\" data-id=\"5bcbbdd3\" data-element_type=\"section\">\n\t\t\t\t\t\t<div class=\"elementor-container elementor-column-gap-default\">\n\t\t\t\t\t<div class=\"elementor-column elementor-col-100 elementor-top-column elementor-element elementor-element-6de0f499\" data-id=\"6de0f499\" data-element_type=\"column\">\n\t\t\t<div class=\"elementor-widget-wrap elementor-element-populated\">\n\t\t\t\t\t\t\t\t<div class=\"elementor-element elementor-element-54dcf9c5 elementor-widget elementor-widget-heading\" data-id=\"54dcf9c5\" data-element_type=\"widget\" data-widget_type=\"heading.default\">\n\t\t\t\t<div class=\"elementor-widget-container\">\n\t\t\t<h2 class=\"elementor-heading-title elementor-size-default\">TM Aktuelles<\/h2>\t\t<\/div>\n\t\t\t\t<\/div>\n\t\t\t\t\t<\/div>\n\t\t<\/div>\n\t\t\t\t\t\t\t<\/div>\n\t\t<\/section>\n\t\t\t\t<section class=\"elementor-section elementor-top-section elementor-element elementor-element-8f5856c elementor-section-boxed elementor-section-height-default elementor-section-height-default\" data-id=\"8f5856c\" data-element_type=\"section\">\n\t\t\t\t\t\t<div class=\"elementor-container elementor-column-gap-default\">\n\t\t\t\t\t<div class=\"elementor-column elementor-col-33 elementor-top-column elementor-element elementor-element-fd760b9\" data-id=\"fd760b9\" data-element_type=\"column\">\n\t\t\t<div class=\"elementor-widget-wrap elementor-element-populated\">\n\t\t\t\t\t\t\t\t<div class=\"elementor-element elementor-element-6d64d47 elementor-align-left elementor-icon-list--layout-traditional elementor-list-item-link-full_width elementor-widget elementor-widget-global elementor-global-98524 elementor-global-86898 elementor-widget-icon-list\" data-id=\"6d64d47\" data-element_type=\"widget\" data-widget_type=\"icon-list.default\">\n\t\t\t\t<div class=\"elementor-widget-container\">\n\t\t\t\t\t<ul class=\"elementor-icon-list-items\">\n\t\t\t\t\t\t\t<li class=\"elementor-icon-list-item\">\n\t\t\t\t\t\t\t\t\t\t\t<a href=\"https:\/\/www.tm-robot.com\/de\/announcement\/\">\n\n\t\t\t\t\t\t\t\t\t\t\t<span class=\"elementor-icon-list-text\">Ank\u00fcndigungen<\/span>\n\t\t\t\t\t\t\t\t\t\t\t<\/a>\n\t\t\t\t\t\t\t\t\t<\/li>\n\t\t\t\t\t\t\t\t<li class=\"elementor-icon-list-item\">\n\t\t\t\t\t\t\t\t\t\t\t<a href=\"https:\/\/www.tm-robot.com\/de\/media-report\/\">\n\n\t\t\t\t\t\t\t\t\t\t\t<span class=\"elementor-icon-list-text\">Presseberichte<\/span>\n\t\t\t\t\t\t\t\t\t\t\t<\/a>\n\t\t\t\t\t\t\t\t\t<\/li>\n\t\t\t\t\t\t\t\t<li class=\"elementor-icon-list-item\">\n\t\t\t\t\t\t\t\t\t\t\t<a href=\"https:\/\/www.tm-robot.com\/de\/corporate-event\/\">\n\n\t\t\t\t\t\t\t\t\t\t\t<span class=\"elementor-icon-list-text\">Firmenveranstaltung<\/span>\n\t\t\t\t\t\t\t\t\t\t\t<\/a>\n\t\t\t\t\t\t\t\t\t<\/li>\n\t\t\t\t\t\t\t\t<li class=\"elementor-icon-list-item\">\n\t\t\t\t\t\t\t\t\t\t\t<a href=\"https:\/\/www.tm-robot.com\/de\/product-technology\/\">\n\n\t\t\t\t\t\t\t\t\t\t\t<span class=\"elementor-icon-list-text\">Produkttechnologie<\/span>\n\t\t\t\t\t\t\t\t\t\t\t<\/a>\n\t\t\t\t\t\t\t\t\t<\/li>\n\t\t\t\t\t\t<\/ul>\n\t\t\t\t<\/div>\n\t\t\t\t<\/div>\n\t\t\t\t\t<\/div>\n\t\t<\/div>\n\t\t\t\t<div class=\"elementor-column elementor-col-66 elementor-top-column elementor-element elementor-element-fd8a90d\" data-id=\"fd8a90d\" data-element_type=\"column\">\n\t\t\t<div class=\"elementor-widget-wrap elementor-element-populated\">\n\t\t\t\t\t\t\t\t<div class=\"elementor-element elementor-element-0bd122f elementor-grid-2 elementor-posts--thumbnail-none elementor-grid-tablet-2 elementor-grid-mobile-1 elementor-card-shadow-yes elementor-posts__hover-gradient elementor-widget elementor-widget-posts\" data-id=\"0bd122f\" data-element_type=\"widget\" data-settings=\"{&quot;cards_columns&quot;:&quot;2&quot;,&quot;cards_columns_tablet&quot;:&quot;2&quot;,&quot;cards_columns_mobile&quot;:&quot;1&quot;,&quot;cards_row_gap&quot;:{&quot;unit&quot;:&quot;px&quot;,&quot;size&quot;:35,&quot;sizes&quot;:[]},&quot;cards_row_gap_tablet&quot;:{&quot;unit&quot;:&quot;px&quot;,&quot;size&quot;:&quot;&quot;,&quot;sizes&quot;:[]},&quot;cards_row_gap_mobile&quot;:{&quot;unit&quot;:&quot;px&quot;,&quot;size&quot;:&quot;&quot;,&quot;sizes&quot;:[]}}\" data-widget_type=\"posts.cards\">\n\t\t\t\t<div class=\"elementor-widget-container\">\n\t\t\t\t\t<div class=\"elementor-posts-container elementor-posts elementor-posts--skin-cards elementor-grid\">\n\t\t\t\t<article class=\"elementor-post elementor-grid-item post-128133 tm-news-post type-tm-news-post status-publish hentry tm-news-category-media-report\">\n\t\t\t<div class=\"elementor-post__card\">\n\t\t\t\t<div class=\"elementor-post__text\">\n\t\t\t\t<h3 class=\"elementor-post__title\">\n\t\t\t<a href=\"https:\/\/www2.tm-robot.com\/de\/tm-news-post\/techman-robot-feiert-10-jahre-mit-ki-gesteuerten-loesungen-auf-der-automatica-2025\/\" >\n\t\t\t\tTechman Robot feiert 10 Jahre mit KI-gesteuerten L\u00f6sungen auf der Automatica 2025\t\t\t<\/a>\n\t\t<\/h3>\n\t\t\t\t<div class=\"elementor-post__excerpt\">\n\t\t\t<p>Techman Robot feiert 10 Jahre mit KI-gesteuerten L\u00f6sungen auf der Automatica 2025 KI-gesteuerte Flying-Trigger-Pr\u00fcfung \u00d7 KI-gesteuerte Palettierung \u00d7 KI-gesteuertes Schwei\u00dfen Built to See, born to<\/p>\n\t\t<\/div>\n\t\t\n\t\t<a class=\"elementor-post__read-more\" href=\"https:\/\/www2.tm-robot.com\/de\/tm-news-post\/techman-robot-feiert-10-jahre-mit-ki-gesteuerten-loesungen-auf-der-automatica-2025\/\" >\n\t\t\tMehr lesen \u00bb\t\t<\/a>\n\n\t\t\t\t<\/div>\n\t\t\t\t<div class=\"elementor-post__meta-data\">\n\t\t\t\t\t<span class=\"elementor-post-date\">\n\t\t\t2025-06-25\t\t<\/span>\n\t\t\t\t<\/div>\n\t\t\t\t\t<\/div>\n\t\t<\/article>\n\t\t\t\t<article class=\"elementor-post elementor-grid-item post-127697 tm-news-post type-tm-news-post status-publish hentry tm-news-category-announcement\">\n\t\t\t<div class=\"elementor-post__card\">\n\t\t\t\t<div class=\"elementor-post__text\">\n\t\t\t\t<h3 class=\"elementor-post__title\">\n\t\t\t<a href=\"https:\/\/www2.tm-robot.com\/de\/tm-news-post\/innovate-with-techman-robot-automatica-2025-in-germany\/\" >\n\t\t\t\tInnovate with Techman Robot | Automatica 2025 in Germany\t\t\t<\/a>\n\t\t<\/h3>\n\t\t\t\t<div class=\"elementor-post__excerpt\">\n\t\t\t<p>Highlight Partners Meeting Reservation<\/p>\n\t\t<\/div>\n\t\t\n\t\t<a class=\"elementor-post__read-more\" href=\"https:\/\/www2.tm-robot.com\/de\/tm-news-post\/innovate-with-techman-robot-automatica-2025-in-germany\/\" >\n\t\t\tMehr lesen \u00bb\t\t<\/a>\n\n\t\t\t\t<\/div>\n\t\t\t\t<div class=\"elementor-post__meta-data\">\n\t\t\t\t\t<span class=\"elementor-post-date\">\n\t\t\t2025-06-11\t\t<\/span>\n\t\t\t\t<\/div>\n\t\t\t\t\t<\/div>\n\t\t<\/article>\n\t\t\t\t<article class=\"elementor-post elementor-grid-item post-123796 tm-news-post type-tm-news-post status-publish hentry tm-news-category-announcement\">\n\t\t\t<div class=\"elementor-post__card\">\n\t\t\t\t<div class=\"elementor-post__text\">\n\t\t\t\t<h3 class=\"elementor-post__title\">\n\t\t\t<a href=\"https:\/\/www2.tm-robot.com\/de\/tm-news-post\/innovate-with-techman-robot-hannover-messe-2025-in-germany\/\" >\n\t\t\t\tInnovate with Techman Robot | Hannover Messe 2025 in Germany\t\t\t<\/a>\n\t\t<\/h3>\n\t\t\t\t<div class=\"elementor-post__excerpt\">\n\t\t\t<p>Highlight Partners Meeting Reservation<\/p>\n\t\t<\/div>\n\t\t\n\t\t<a class=\"elementor-post__read-more\" href=\"https:\/\/www2.tm-robot.com\/de\/tm-news-post\/innovate-with-techman-robot-hannover-messe-2025-in-germany\/\" >\n\t\t\tMehr lesen \u00bb\t\t<\/a>\n\n\t\t\t\t<\/div>\n\t\t\t\t<div class=\"elementor-post__meta-data\">\n\t\t\t\t\t<span class=\"elementor-post-date\">\n\t\t\t2025-03-13\t\t<\/span>\n\t\t\t\t<\/div>\n\t\t\t\t\t<\/div>\n\t\t<\/article>\n\t\t\t\t<article class=\"elementor-post elementor-grid-item post-123894 tm-news-post type-tm-news-post status-publish hentry tm-news-category-media-report\">\n\t\t\t<div class=\"elementor-post__card\">\n\t\t\t\t<div class=\"elementor-post__text\">\n\t\t\t\t<h3 class=\"elementor-post__title\">\n\t\t\t<a href=\"https:\/\/www2.tm-robot.com\/de\/tm-news-post\/techman-robot-und-maytec-starten-strategische-partnerschaft-fuer-innovative-automatisierungsloesungen-mit-ki\/\" >\n\t\t\t\tTechman Robot und MayTec starten strategische Partnerschaft f\u00fcr innovative Automatisierungsl\u00f6sungen mit KI\t\t\t<\/a>\n\t\t<\/h3>\n\t\t\t\t<div class=\"elementor-post__excerpt\">\n\t\t\t<p>Techman Robot, ein weltweit f\u00fchrender Anbieter kollaborativer Roboter, und MayTec, Spezialist f\u00fcr Aluminiumprofilsysteme, gehen eine globale strategische Partnerschaft ein. Ziel ist es, die Integration von<\/p>\n\t\t<\/div>\n\t\t\n\t\t<a class=\"elementor-post__read-more\" href=\"https:\/\/www2.tm-robot.com\/de\/tm-news-post\/techman-robot-und-maytec-starten-strategische-partnerschaft-fuer-innovative-automatisierungsloesungen-mit-ki\/\" >\n\t\t\tMehr lesen \u00bb\t\t<\/a>\n\n\t\t\t\t<\/div>\n\t\t\t\t<div class=\"elementor-post__meta-data\">\n\t\t\t\t\t<span class=\"elementor-post-date\">\n\t\t\t2025-03-07\t\t<\/span>\n\t\t\t\t<\/div>\n\t\t\t\t\t<\/div>\n\t\t<\/article>\n\t\t\t\t<article class=\"elementor-post elementor-grid-item post-111638 tm-news-post type-tm-news-post status-publish hentry tm-news-category-media-report\">\n\t\t\t<div class=\"elementor-post__card\">\n\t\t\t\t<div class=\"elementor-post__text\">\n\t\t\t\t<h3 class=\"elementor-post__title\">\n\t\t\t<a href=\"https:\/\/www2.tm-robot.com\/de\/tm-news-post\/techman-robot-unveils-tm-ai-cobot-at-hannover-messe\/\" >\n\t\t\t\tTechman Robot Unveils TM AI Cobot at Hannover Messe\t\t\t<\/a>\n\t\t<\/h3>\n\t\t\t\t<div class=\"elementor-post__excerpt\">\n\t\t\t<p>&nbsp; Techman Robot Unveils TM AI Cobot at Hannover Messe Techman Robot has announced the introduction of its TM AI Cobot series at Hannover Messe<\/p>\n\t\t<\/div>\n\t\t\n\t\t<a class=\"elementor-post__read-more\" href=\"https:\/\/www2.tm-robot.com\/de\/tm-news-post\/techman-robot-unveils-tm-ai-cobot-at-hannover-messe\/\" >\n\t\t\tMehr lesen \u00bb\t\t<\/a>\n\n\t\t\t\t<\/div>\n\t\t\t\t<div class=\"elementor-post__meta-data\">\n\t\t\t\t\t<span class=\"elementor-post-date\">\n\t\t\t2024-04-25\t\t<\/span>\n\t\t\t\t<\/div>\n\t\t\t\t\t<\/div>\n\t\t<\/article>\n\t\t\t\t<article class=\"elementor-post elementor-grid-item post-110295 tm-news-post type-tm-news-post status-publish hentry tm-news-category-announcement\">\n\t\t\t<div class=\"elementor-post__card\">\n\t\t\t\t<div class=\"elementor-post__text\">\n\t\t\t\t<h3 class=\"elementor-post__title\">\n\t\t\t<a href=\"https:\/\/www2.tm-robot.com\/de\/tm-news-post\/welcome-to-visit-techman-robot-at-hannover-messe-2024\/\" >\n\t\t\t\tWelcome to visit Techman Robot at Hannover Messe 2024\t\t\t<\/a>\n\t\t<\/h3>\n\t\t\t\t<div class=\"elementor-post__excerpt\">\n\t\t\t<p>Map Highlight Meeting Reservation<\/p>\n\t\t<\/div>\n\t\t\n\t\t<a class=\"elementor-post__read-more\" href=\"https:\/\/www2.tm-robot.com\/de\/tm-news-post\/welcome-to-visit-techman-robot-at-hannover-messe-2024\/\" >\n\t\t\tMehr lesen \u00bb\t\t<\/a>\n\n\t\t\t\t<\/div>\n\t\t\t\t<div class=\"elementor-post__meta-data\">\n\t\t\t\t\t<span class=\"elementor-post-date\">\n\t\t\t2024-04-09\t\t<\/span>\n\t\t\t\t<\/div>\n\t\t\t\t\t<\/div>\n\t\t<\/article>\n\t\t\t\t<\/div>\n\t\t\n\t\t\t\t<div class=\"e-load-more-anchor\" data-page=\"1\" data-max-page=\"2\" data-next-page=\"https:\/\/www2.tm-robot.com\/de\/wp-json\/wp\/v2\/pages\/49883\/page\/2\/\"><\/div>\n\t\t\t\t<nav class=\"elementor-pagination\" aria-label=\"Paginierung\">\n\t\t\t<span class=\"page-numbers prev\">Vorherige<\/span>\n<a class=\"page-numbers next\" href=\"https:\/\/www2.tm-robot.com\/de\/wp-json\/wp\/v2\/pages\/49883\/page\/2\/\">N\u00e4chste<\/a>\t\t<\/nav>\n\t\t\t\t<\/div>\n\t\t\t\t<\/div>\n\t\t\t\t\t<\/div>\n\t\t<\/div>\n\t\t\t\t\t\t\t<\/div>\n\t\t<\/section>\n\t\t\t\t\t\t\t<\/div>\n\t\t","protected":false},"excerpt":{"rendered":"<p>TM Aktuelles Announcement Media Report Corporate Event<\/p>\n","protected":false},"author":1,"featured_media":0,"parent":0,"menu_order":0,"comment_status":"closed","ping_status":"closed","template":"","meta":[],"wf_page_folders":[3144],"acf":[],"yoast_head":"<!-- This site is optimized with the Yoast SEO plugin v16.9 - https:\/\/yoast.com\/wordpress\/plugins\/seo\/ -->\n<title>TM Aktuelles | Techman Robot<\/title>\n<meta name=\"description\" content=\"Im Bereich TM Aktuelles finden Sie unsere neuesten Unternehmensnachrichten, Informationen zur Robotertechnik, Medienberichte und Produktver\u00f6ffentlichungen.\" \/>\n<meta name=\"robots\" content=\"index, follow, max-snippet:-1, max-image-preview:large, max-video-preview:-1\" \/>\n<link rel=\"canonical\" href=\"https:\/\/www2.tm-robot.com\/de\/tm-news\/\" \/>\n<meta property=\"og:locale\" content=\"de_DE\" \/>\n<meta property=\"og:type\" content=\"article\" \/>\n<meta property=\"og:title\" content=\"TM Aktuelles | Techman Robot\" \/>\n<meta property=\"og:description\" content=\"Im Bereich TM Aktuelles finden Sie unsere neuesten Unternehmensnachrichten, Informationen zur Robotertechnik, Medienberichte und Produktver\u00f6ffentlichungen.\" \/>\n<meta property=\"og:url\" content=\"https:\/\/www2.tm-robot.com\/de\/tm-news\/\" \/>\n<meta property=\"og:site_name\" content=\"Techman Robot\" \/>\n<meta property=\"article:modified_time\" content=\"2023-08-29T08:32:22+00:00\" \/>\n<meta name=\"twitter:card\" content=\"summary_large_image\" \/>\n<script type=\"application\/ld+json\" class=\"yoast-schema-graph\">{\"@context\":\"https:\/\/schema.org\",\"@graph\":[{\"@type\":\"Organization\",\"@id\":\"https:\/\/www2.tm-robot.com\/de\/#organization\",\"name\":\"Techman Robot\",\"url\":\"https:\/\/www2.tm-robot.com\/de\/\",\"sameAs\":[],\"logo\":{\"@type\":\"ImageObject\",\"@id\":\"https:\/\/www2.tm-robot.com\/de\/#logo\",\"inLanguage\":\"de-DE\",\"url\":\"https:\/\/tm-robot.oss-cn-hongkong.aliyuncs.com\/wp-content\/uploads\/2018\/09\/logo.png\",\"contentUrl\":\"https:\/\/tm-robot.oss-cn-hongkong.aliyuncs.com\/wp-content\/uploads\/2018\/09\/logo.png\",\"width\":221,\"height\":196,\"caption\":\"Techman Robot\"},\"image\":{\"@id\":\"https:\/\/www2.tm-robot.com\/de\/#logo\"}},{\"@type\":\"WebSite\",\"@id\":\"https:\/\/www2.tm-robot.com\/de\/#website\",\"url\":\"https:\/\/www2.tm-robot.com\/de\/\",\"name\":\"Techman Robot\",\"description\":\"Intelligent Cobots for a World of Applications\",\"publisher\":{\"@id\":\"https:\/\/www2.tm-robot.com\/de\/#organization\"},\"potentialAction\":[{\"@type\":\"SearchAction\",\"target\":{\"@type\":\"EntryPoint\",\"urlTemplate\":\"https:\/\/www2.tm-robot.com\/de\/?s={search_term_string}\"},\"query-input\":\"required name=search_term_string\"}],\"inLanguage\":\"de-DE\"},{\"@type\":\"WebPage\",\"@id\":\"https:\/\/www2.tm-robot.com\/de\/tm-news\/#webpage\",\"url\":\"https:\/\/www2.tm-robot.com\/de\/tm-news\/\",\"name\":\"TM Aktuelles | Techman Robot\",\"isPartOf\":{\"@id\":\"https:\/\/www2.tm-robot.com\/de\/#website\"},\"datePublished\":\"2018-09-05T05:23:57+00:00\",\"dateModified\":\"2023-08-29T08:32:22+00:00\",\"description\":\"Im Bereich TM Aktuelles finden Sie unsere neuesten Unternehmensnachrichten, Informationen zur Robotertechnik, Medienberichte und Produktver\\u00f6ffentlichungen.\",\"breadcrumb\":{\"@id\":\"https:\/\/www2.tm-robot.com\/de\/tm-news\/#breadcrumb\"},\"inLanguage\":\"de-DE\",\"potentialAction\":[{\"@type\":\"ReadAction\",\"target\":[\"https:\/\/www2.tm-robot.com\/de\/tm-news\/\"]}]},{\"@type\":\"BreadcrumbList\",\"@id\":\"https:\/\/www2.tm-robot.com\/de\/tm-news\/#breadcrumb\",\"itemListElement\":[{\"@type\":\"ListItem\",\"position\":1,\"name\":\"Home\",\"item\":\"https:\/\/www2.tm-robot.com\/de\/\"},{\"@type\":\"ListItem\",\"position\":2,\"name\":\"TM Aktuelles\"}]}]}<\/script>\n<!-- \/ Yoast SEO plugin. -->","yoast_head_json":{"title":"TM Aktuelles | Techman Robot","description":"Im Bereich TM Aktuelles finden Sie unsere neuesten Unternehmensnachrichten, Informationen zur Robotertechnik, Medienberichte und Produktver\u00f6ffentlichungen.","robots":{"index":"index","follow":"follow","max-snippet":"max-snippet:-1","max-image-preview":"max-image-preview:large","max-video-preview":"max-video-preview:-1"},"canonical":"https:\/\/www2.tm-robot.com\/de\/tm-news\/","og_locale":"de_DE","og_type":"article","og_title":"TM Aktuelles | Techman Robot","og_description":"Im Bereich TM Aktuelles finden Sie unsere neuesten Unternehmensnachrichten, Informationen zur Robotertechnik, Medienberichte und Produktver\u00f6ffentlichungen.","og_url":"https:\/\/www2.tm-robot.com\/de\/tm-news\/","og_site_name":"Techman Robot","article_modified_time":"2023-08-29T08:32:22+00:00","twitter_card":"summary_large_image","schema":{"@context":"https:\/\/schema.org","@graph":[{"@type":"Organization","@id":"https:\/\/www2.tm-robot.com\/de\/#organization","name":"Techman Robot","url":"https:\/\/www2.tm-robot.com\/de\/","sameAs":[],"logo":{"@type":"ImageObject","@id":"https:\/\/www2.tm-robot.com\/de\/#logo","inLanguage":"de-DE","url":"https:\/\/tm-robot.oss-cn-hongkong.aliyuncs.com\/wp-content\/uploads\/2018\/09\/logo.png","contentUrl":"https:\/\/tm-robot.oss-cn-hongkong.aliyuncs.com\/wp-content\/uploads\/2018\/09\/logo.png","width":221,"height":196,"caption":"Techman Robot"},"image":{"@id":"https:\/\/www2.tm-robot.com\/de\/#logo"}},{"@type":"WebSite","@id":"https:\/\/www2.tm-robot.com\/de\/#website","url":"https:\/\/www2.tm-robot.com\/de\/","name":"Techman Robot","description":"Intelligent Cobots for a World of Applications","publisher":{"@id":"https:\/\/www2.tm-robot.com\/de\/#organization"},"potentialAction":[{"@type":"SearchAction","target":{"@type":"EntryPoint","urlTemplate":"https:\/\/www2.tm-robot.com\/de\/?s={search_term_string}"},"query-input":"required name=search_term_string"}],"inLanguage":"de-DE"},{"@type":"WebPage","@id":"https:\/\/www2.tm-robot.com\/de\/tm-news\/#webpage","url":"https:\/\/www2.tm-robot.com\/de\/tm-news\/","name":"TM Aktuelles | Techman Robot","isPartOf":{"@id":"https:\/\/www2.tm-robot.com\/de\/#website"},"datePublished":"2018-09-05T05:23:57+00:00","dateModified":"2023-08-29T08:32:22+00:00","description":"Im Bereich TM Aktuelles finden Sie unsere neuesten Unternehmensnachrichten, Informationen zur Robotertechnik, Medienberichte und Produktver\u00f6ffentlichungen.","breadcrumb":{"@id":"https:\/\/www2.tm-robot.com\/de\/tm-news\/#breadcrumb"},"inLanguage":"de-DE","potentialAction":[{"@type":"ReadAction","target":["https:\/\/www2.tm-robot.com\/de\/tm-news\/"]}]},{"@type":"BreadcrumbList","@id":"https:\/\/www2.tm-robot.com\/de\/tm-news\/#breadcrumb","itemListElement":[{"@type":"ListItem","position":1,"name":"Home","item":"https:\/\/www2.tm-robot.com\/de\/"},{"@type":"ListItem","position":2,"name":"TM Aktuelles"}]}]}},"_links":{"self":[{"href":"https:\/\/www2.tm-robot.com\/de\/wp-json\/wp\/v2\/pages\/49883"}],"collection":[{"href":"https:\/\/www2.tm-robot.com\/de\/wp-json\/wp\/v2\/pages"}],"about":[{"href":"https:\/\/www2.tm-robot.com\/de\/wp-json\/wp\/v2\/types\/page"}],"author":[{"embeddable":true,"href":"https:\/\/www2.tm-robot.com\/de\/wp-json\/wp\/v2\/users\/1"}],"replies":[{"embeddable":true,"href":"https:\/\/www2.tm-robot.com\/de\/wp-json\/wp\/v2\/comments?post=49883"}],"version-history":[{"count":2,"href":"https:\/\/www2.tm-robot.com\/de\/wp-json\/wp\/v2\/pages\/49883\/revisions"}],"predecessor-version":[{"id":98393,"href":"https:\/\/www2.tm-robot.com\/de\/wp-json\/wp\/v2\/pages\/49883\/revisions\/98393"}],"wp:attachment":[{"href":"https:\/\/www2.tm-robot.com\/de\/wp-json\/wp\/v2\/media?parent=49883"}],"wp:term":[{"taxonomy":"wf_page_folders","embeddable":true,"href":"https:\/\/www2.tm-robot.com\/de\/wp-json\/wp\/v2\/wf_page_folders?post=49883"}],"curies":[{"name":"wp","href":"https:\/\/api.w.org\/{rel}","templated":true}]}}