{"id":49871,"date":"2020-03-23T11:54:18","date_gmt":"2020-03-23T03:54:18","guid":{"rendered":"https:\/\/www.tm-robot.com\/unternehmensgeschichte\/"},"modified":"2024-12-20T11:42:33","modified_gmt":"2024-12-20T03:42:33","slug":"company-profile","status":"publish","type":"page","link":"https:\/\/www2.tm-robot.com\/de\/company-profile\/","title":{"rendered":"Unternehmensgeschichte"},"content":{"rendered":"\t\t<div data-elementor-type=\"wp-page\" data-elementor-id=\"49871\" class=\"elementor elementor-49871 elementor-26614\">\n\t\t\t\t\t\t\t\t\t<section class=\"elementor-section elementor-top-section elementor-element elementor-element-86a45ad elementor-section-boxed elementor-section-height-default elementor-section-height-default\" data-id=\"86a45ad\" data-element_type=\"section\" data-settings=\"{&quot;background_background&quot;:&quot;classic&quot;}\">\n\t\t\t\t\t\t<div class=\"elementor-container elementor-column-gap-default\">\n\t\t\t\t\t<div class=\"elementor-column elementor-col-100 elementor-top-column elementor-element elementor-element-09c5db9\" data-id=\"09c5db9\" data-element_type=\"column\">\n\t\t\t<div class=\"elementor-widget-wrap elementor-element-populated\">\n\t\t\t\t\t\t\t\t<div class=\"elementor-element elementor-element-d6c281a elementor-widget elementor-widget-heading\" data-id=\"d6c281a\" data-element_type=\"widget\" data-widget_type=\"heading.default\">\n\t\t\t\t<div class=\"elementor-widget-container\">\n\t\t\t<h1 class=\"elementor-heading-title elementor-size-default\">Unternehmensgeschichte<\/h1>\t\t<\/div>\n\t\t\t\t<\/div>\n\t\t\t\t\t<\/div>\n\t\t<\/div>\n\t\t\t\t\t\t\t<\/div>\n\t\t<\/section>\n\t\t\t\t<section class=\"elementor-section elementor-top-section elementor-element elementor-element-4c2e3c0 elementor-section-boxed elementor-section-height-default elementor-section-height-default\" data-id=\"4c2e3c0\" data-element_type=\"section\">\n\t\t\t\t\t\t<div class=\"elementor-container elementor-column-gap-default\">\n\t\t\t\t\t<div class=\"elementor-column elementor-col-50 elementor-top-column elementor-element elementor-element-282e8e1\" data-id=\"282e8e1\" data-element_type=\"column\">\n\t\t\t<div class=\"elementor-widget-wrap elementor-element-populated\">\n\t\t\t\t\t\t\t\t<div class=\"elementor-element elementor-element-5d5cd30 elementor-widget elementor-widget-wptl_vertical_list\" data-id=\"5d5cd30\" data-element_type=\"widget\" data-widget_type=\"wptl_vertical_list.default\">\n\t\t\t\t<div class=\"elementor-widget-container\">\n\t\t\t    \t<div class=\"wpex-timeline-list left-tl  no-end show-classic\" id=\"timeline-5790\" data-animations=\"\" data-rtl=\"\">\r\n        \t<div class=\"wpex-loading\">\r\n                <div class=\"wpex-spinner\">\r\n                    <div class=\"rect1\"><\/div>\r\n                    <div class=\"rect2\"><\/div>\r\n                    <div class=\"rect3\"><\/div>\r\n                    <div class=\"rect4\"><\/div>\r\n                    <div class=\"rect5\"><\/div>\r\n                <\/div>\r\n            <\/div>\r\n        \t        \t            <ul class=\"wpex wpex-timeline style-left\">\r\n                \r\n\t\t\t\t<li class=\"filter-5790_131602  post-131602 wp-timeline type-wp-timeline status-publish hentry wpex_category-company-profile\" data-id=\"filter-5790_131602\" >\r\n    <div class=\"\">\r\n                <time class=\"wpex-timeline-time\" datetime=\"11:54:30 2025-10-21\">\r\n                        <span class=\"exclearfix\"><\/span>\r\n            \r\n\t\t\t<span class=\"info-h\"><\/span>\r\n\t\t<span class=\"tll-date\">\r\n\t\t\t\r\n\t\t<\/span>        <\/time>\r\n        <div class=\"wpex-timeline-label\">\r\n                        <div class=\"timeline-details\">\r\n                                <div class=\"tlct-shortdes\">\r\n                            <h2 >\r\n            <a href=\"javascript:;\" title=\"2025\">\r\n                2025            <\/a>\r\n        <\/h2>\r\n                            <div class=\"wptl-excerpt\">\r\n                    \t<ul>\n<li>Listed on the Stock Exchange Market in Taiwan<\/li>\n<li>Officially released TM6S and TM20S<\/li>\n<\/ul>\n                    <\/div>\r\n                <\/div>\r\n                            <\/div>\r\n            <div class=\"exclearfix\"><\/div>\r\n        <\/div>\r\n            <\/div>\r\n    <div class=\"wpex-timeline-icon\">\r\n    \t        <a href=\"javascript:;\" title=\"2025\"><i class=\"fa fa-square no-icon\"><\/i><\/a>\r\n    <\/div>\r\n            <\/li><li class=\"filter-5790_123356  post-123356 wp-timeline type-wp-timeline status-publish hentry wpex_category-company-profile-de\" data-id=\"filter-5790_123356\" >\r\n    <div class=\"\">\r\n                <time class=\"wpex-timeline-time\" datetime=\"13:42:44 2025-02-25\">\r\n                        <span class=\"exclearfix\"><\/span>\r\n            \r\n\t\t\t<span class=\"info-h\"><\/span>\r\n\t\t<span class=\"tll-date\">\r\n\t\t\t\r\n\t\t<\/span>        <\/time>\r\n        <div class=\"wpex-timeline-label\">\r\n                        <div class=\"timeline-details\">\r\n                                <div class=\"tlct-shortdes\">\r\n                            <h2 >\r\n            <a href=\"javascript:;\" title=\"2024\">\r\n                2024            <\/a>\r\n        <\/h2>\r\n                            <div class=\"wptl-excerpt\">\r\n                    \t<ul>\n<li data-start=\"197\" data-end=\"248\">An der Emerging Stock Market in Taiwan gelistet<\/li>\n<li data-start=\"197\" data-end=\"248\">Offiziell ver\u00f6ffentlichter Schwerlast-Cobot TM30S<\/li>\n<li data-start=\"197\" data-end=\"248\">Offiziell ver\u00f6ffentlichter Rugged Solution<\/li>\n<\/ul>\n                    <\/div>\r\n                <\/div>\r\n                            <\/div>\r\n            <div class=\"exclearfix\"><\/div>\r\n        <\/div>\r\n            <\/div>\r\n    <div class=\"wpex-timeline-icon\">\r\n    \t        <a href=\"javascript:;\" title=\"2024\"><i class=\"fa fa-square no-icon\"><\/i><\/a>\r\n    <\/div>\r\n            <\/li><li class=\"filter-5790_105231  post-105231 wp-timeline type-wp-timeline status-publish hentry wpex_category-company-profile-de\" data-id=\"filter-5790_105231\" >\r\n    <div class=\"\">\r\n                <time class=\"wpex-timeline-time\" datetime=\"17:31:54 2024-01-16\">\r\n                        <span class=\"exclearfix\"><\/span>\r\n            \r\n\t\t\t<span class=\"info-h\"><\/span>\r\n\t\t<span class=\"tll-date\">\r\n\t\t\t\r\n\t\t<\/span>        <\/time>\r\n        <div class=\"wpex-timeline-label\">\r\n                        <div class=\"timeline-details\">\r\n                                <div class=\"tlct-shortdes\">\r\n                            <h2 >\r\n            <a href=\"javascript:;\" title=\"2023\">\r\n                2023            <\/a>\r\n        <\/h2>\r\n                            <div class=\"wptl-excerpt\">\r\n                    \t<ul>\n<li>Offiziell ver\u00f6ffentlichter Schwei\u00dfknoten<\/li>\n<li>Offiziell ver\u00f6ffentlichte TM AI Cobot S-Serie<\/li>\n<li>Offiziell ver\u00f6ffentlichter Schwerlast-Cobot TM25S<\/li>\n<li>Niederlassung in Nagoya, Japan, gegr\u00fcndet<\/li>\n<\/ul>\n                    <\/div>\r\n                <\/div>\r\n                            <\/div>\r\n            <div class=\"exclearfix\"><\/div>\r\n        <\/div>\r\n            <\/div>\r\n    <div class=\"wpex-timeline-icon\">\r\n    \t        <a href=\"javascript:;\" title=\"2023\"><i class=\"fa fa-square no-icon\"><\/i><\/a>\r\n    <\/div>\r\n            <\/li><li class=\"filter-5790_105232  post-105232 wp-timeline type-wp-timeline status-publish hentry wpex_category-company-profile-de\" data-id=\"filter-5790_105232\" >\r\n    <div class=\"\">\r\n                <time class=\"wpex-timeline-time\" datetime=\"17:29:48 2024-01-16\">\r\n                        <span class=\"exclearfix\"><\/span>\r\n            \r\n\t\t\t<span class=\"info-h\"><\/span>\r\n\t\t<span class=\"tll-date\">\r\n\t\t\t\r\n\t\t<\/span>        <\/time>\r\n        <div class=\"wpex-timeline-label\">\r\n                        <div class=\"timeline-details\">\r\n                                <div class=\"tlct-shortdes\">\r\n                            <h2 >\r\n            <a href=\"javascript:;\" title=\"2022\">\r\n                2022            <\/a>\r\n        <\/h2>\r\n                            <div class=\"wptl-excerpt\">\r\n                    \t<ul>\n<li>Definierte die n\u00e4chste Generation kollaborativer Roboter als TM AI Cobot neu<\/li>\n<li>Offiziell ver\u00f6ffentlicht TM16, TM20<\/li>\n<\/ul>\n                    <\/div>\r\n                <\/div>\r\n                            <\/div>\r\n            <div class=\"exclearfix\"><\/div>\r\n        <\/div>\r\n            <\/div>\r\n    <div class=\"wpex-timeline-icon\">\r\n    \t        <a href=\"javascript:;\" title=\"2022\"><i class=\"fa fa-square no-icon\"><\/i><\/a>\r\n    <\/div>\r\n            <\/li><li class=\"filter-5790_105230  post-105230 wp-timeline type-wp-timeline status-publish hentry wpex_category-company-profile-de\" data-id=\"filter-5790_105230\" >\r\n    <div class=\"\">\r\n                <time class=\"wpex-timeline-time\" datetime=\"17:24:44 2024-01-16\">\r\n                        <span class=\"exclearfix\"><\/span>\r\n            \r\n\t\t\t<span class=\"info-h\"><\/span>\r\n\t\t<span class=\"tll-date\">\r\n\t\t\t\r\n\t\t<\/span>        <\/time>\r\n        <div class=\"wpex-timeline-label\">\r\n                        <div class=\"timeline-details\">\r\n                                <div class=\"tlct-shortdes\">\r\n                            <h2 >\r\n            <a href=\"javascript:;\" title=\"2021\">\r\n                2021            <\/a>\r\n        <\/h2>\r\n                            <div class=\"wptl-excerpt\">\r\n                    \t<ul>\n<li>Gastgeber des ersten Wettbewerbs f\u00fcr intelligente Fertigungsanwendungen<\/li>\n<\/ul>\n                    <\/div>\r\n                <\/div>\r\n                            <\/div>\r\n            <div class=\"exclearfix\"><\/div>\r\n        <\/div>\r\n            <\/div>\r\n    <div class=\"wpex-timeline-icon\">\r\n    \t        <a href=\"javascript:;\" title=\"2021\"><i class=\"fa fa-square no-icon\"><\/i><\/a>\r\n    <\/div>\r\n            <\/li>            <\/ul>\r\n            \r\n\t\t\t\t\t\t<div class=\"wpex-loadmore lbt\">\r\n\t\t\t\t\t\t\t<input type=\"hidden\"  name=\"id_grid\" value=\"timeline-5790\">\r\n\t\t\t\t\t\t\t<input type=\"hidden\"  name=\"num_page\" value=\"2\">\r\n\t\t\t\t\t\t\t<input type=\"hidden\"  name=\"num_page_uu\" value=\"1\">\r\n\t\t\t\t\t\t\t<input type=\"hidden\"  name=\"current_page\" value=\"1\">\r\n\t\t\t\t\t\t\t<input type=\"hidden\"  name=\"ajax_url\" value=\"https:\/\/www2.tm-robot.com\/wp-admin\/admin-ajax.php\">\r\n\t\t\t\t\t\t\t<input type=\"hidden\"  name=\"param_query\" value=\"{&quot;post_type&quot;:[&quot;wp-timeline&quot;],&quot;posts_per_page&quot;:&quot;5&quot;,&quot;post_status&quot;:[&quot;publish&quot;,&quot;future&quot;],&quot;tag&quot;:&quot;&quot;,&quot;order&quot;:&quot;&quot;,&quot;orderby&quot;:&quot;&quot;,&quot;meta_key&quot;:&quot;&quot;,&quot;ignore_sticky_posts&quot;:1}\">\r\n\t\t\t\t\t\t\t<input type=\"hidden\" id=\"param_shortcode\" name=\"param_shortcode\" value=\"{&quot;style&quot;:&quot;&quot;,&quot;posttype&quot;:&quot;wp-timeline&quot;,&quot;cat&quot;:&quot;&quot;,&quot;tag&quot;:&quot;&quot;,&quot;taxonomy&quot;:&quot;&quot;,&quot;ids&quot;:&quot;&quot;,&quot;count&quot;:&quot;10&quot;,&quot;posts_per_page&quot;:&quot;5&quot;,&quot;order&quot;:&quot;&quot;,&quot;orderby&quot;:&quot;&quot;,&quot;meta_key&quot;:&quot;&quot;,&quot;alignment&quot;:&quot;left&quot;,&quot;show_media&quot;:&quot;&quot;,&quot;show_history&quot;:&quot;1&quot;,&quot;feature_label&quot;:&quot;&quot;,&quot;full_content&quot;:&quot;1&quot;,&quot;hide_thumb&quot;:&quot;&quot;,&quot;hide_title&quot;:&quot;&quot;,&quot;img_size&quot;:&quot;&quot;,&quot;lightbox&quot;:&quot;&quot;,&quot;page_navi&quot;:&quot;&quot;,&quot;enable_back&quot;:&quot;&quot;,&quot;start_label&quot;:&quot;&quot;,&quot;end_label&quot;:&quot;&quot;,&quot;animations&quot;:&quot;&quot;,&quot;filter_cat&quot;:&quot;&quot;,&quot;class&quot;:&quot;&quot;,&quot;ID&quot;:5790}\">\r\n\t\t\t\t\t\t\t<input type=\"hidden\"  name=\"tl_language\" value=\"de\">\r\n\t\t\t\t\t\t\t<a  href=\"javascript:void(0)\" class=\"loadmore-timeline\" data-id=\"timeline-5790\">\r\n\t\t\t\t\t\t\t\t<span class=\"load-tltext\">Load more<\/span><span><\/span>&nbsp;<span><\/span>&nbsp;<span><\/span>\r\n\t\t\t\t\t\t\t<\/a><\/div>        <\/div>\r\n        <div class=\"exclearfix\"><\/div>\r\n\t\t<script>if (typeof (Wptl_El_Sp) !== \"undefined\" && Wptl_El_Sp!==null) { Wptl_El_Sp.timelines_hoz(); }<\/script>\t\t<\/div>\n\t\t\t\t<\/div>\n\t\t\t\t\t<\/div>\n\t\t<\/div>\n\t\t\t\t<div class=\"elementor-column elementor-col-50 elementor-top-column elementor-element elementor-element-a2247dc\" data-id=\"a2247dc\" data-element_type=\"column\">\n\t\t\t<div class=\"elementor-widget-wrap elementor-element-populated\">\n\t\t\t\t\t\t\t\t<div class=\"elementor-element elementor-element-3f49503 elementor-widget elementor-widget-text-editor\" data-id=\"3f49503\" data-element_type=\"widget\" data-widget_type=\"text-editor.default\">\n\t\t\t\t<div class=\"elementor-widget-container\">\n\t\t\t\t\t\t\tTechman Robot wurde 2015 gegr\u00fcndet und ist der einzige Hersteller von kollaborierenden Robotern mit Sitz in Taiwan. Wir bieten kollaborierende Roboter mit eingebetteten Bildverarbeitungssystemen, Software und auf Anwendungen basierende L\u00f6sungen auf dem Markt an und das \u00fcber unsere mehr als 100 Vertriebspartner in China, Europa, Japan, S\u00fcdkorea und S\u00fcdostasien.\r\n\r\nIn nur drei Jahren nach der Gr\u00fcndung wurden wir zur zweitgr\u00f6\u00dften kollaborierenden Robotermarke der Welt. Seitdem expandieren wir schnell auf dem internationalen Markt. Aufgrund der hohen Nachfrage haben wir unsere Fabrik Anfang 2019 erweitert, um eine Gro\u00dfserienproduktion zu erm\u00f6glichen und weiterhin eine au\u00dfergew\u00f6hnliche Produktionsqualit\u00e4t zu gew\u00e4hrleisten. Dar\u00fcber hinaus haben wir Niederlassungen in Shanghai und Busan sowie mehrere Vertriebsb\u00fcros in den Niederlanden, Changshu, Shenzhen und Chongqing er\u00f6ffnet, um unseren globalen Kunden lokalen Service zur Unterst\u00fctzung ihrer intelligenten Fertigungs- und Automatisierungsprojekte zu bieten.\r\n\r\nDer optimierte Produktionsprozess unseres Unternehmens ist lokal in Taiwan angesiedelt und umfasst Produktforschung, Entwicklung, Produktion und Fertigung. Mit strengen Fertigungs- und Qualit\u00e4tskontrollen in unseren Fabriken ist Techman Robot daf\u00fcr bekannt, exzellente Produkte zu liefern, die den Ruf \u201cMade in Taiwan\u201d tragen. Dabei profitieren wir von dem gut etablierten Forschungs- und Entwicklungsteam unserer Muttergesellschaft Quanta Storage und den globalen Ressourcen der Muttergesellschaft Quanta Computer, dem weltweit gr\u00f6\u00dften Notebookhersteller.\r\n\r\nTechman Robot hat viele Patente in Taiwan, den USA und China erhalten, Dutzende weitere werden derzeit gepr\u00fcft. Unsere branchenf\u00fchrenden kollaborierenden Roboter wurden auch von renommierten Preisverleihern ausgezeichnet, darunter der iF Product Design Award, Red Dot Award, Golden Pin Design Award, COMPUTEX d&amp;i Award und dem Taiwan Excellence Awards.\t\t\t\t\t\t<\/div>\n\t\t\t\t<\/div>\n\t\t\t\t\t<\/div>\n\t\t<\/div>\n\t\t\t\t\t\t\t<\/div>\n\t\t<\/section>\n\t\t\t\t\t\t\t<\/div>\n\t\t","protected":false},"excerpt":{"rendered":"<p>Unternehmensgeschichte 2023 Officially released Welding Node Officially released TM AI Cobot S series Officially released heavy payload cobot TM25S Established a branch office in Nagoya, Japan 2022 Redefined the next generation of collaborative robots as TM AI Cobot Officially released TM16, TM20 2021 Hosted the first Smart Manufacturing Application Competition 2020 Officially released TM AI+ [&hellip;]<\/p>\n","protected":false},"author":1,"featured_media":0,"parent":0,"menu_order":0,"comment_status":"closed","ping_status":"closed","template":"","meta":[],"wf_page_folders":[3142],"acf":[],"yoast_head":"<!-- This site is optimized with the Yoast SEO plugin v16.9 - https:\/\/yoast.com\/wordpress\/plugins\/seo\/ -->\n<title>Unternehmensgeschichte I Techman Robot<\/title>\n<meta name=\"description\" content=\"Techman Robot wurde 2015 gegr\u00fcndet und ist der einzige Hersteller von kollaborierenden Robotern mit Sitz in Taiwan. Wir bieten kollaborierende Roboter mit eingebetteten Bildverarbeitungssystemen, Software und auf Anwendungen basierende L\u00f6sungen auf dem Markt an und das \u00fcber unsere mehr als 100 Vertriebspartner in China, Europa, Japan, S\u00fcdkorea und S\u00fcdostasien.\" \/>\n<meta name=\"robots\" content=\"index, follow, max-snippet:-1, max-image-preview:large, max-video-preview:-1\" \/>\n<link rel=\"canonical\" href=\"https:\/\/www2.tm-robot.com\/de\/company-profile\/\" \/>\n<meta property=\"og:locale\" content=\"de_DE\" \/>\n<meta property=\"og:type\" content=\"article\" \/>\n<meta property=\"og:title\" content=\"Unternehmensgeschichte I Techman Robot\" \/>\n<meta property=\"og:description\" content=\"Techman Robot wurde 2015 gegr\u00fcndet und ist der einzige Hersteller von kollaborierenden Robotern mit Sitz in Taiwan. Wir bieten kollaborierende Roboter mit eingebetteten Bildverarbeitungssystemen, Software und auf Anwendungen basierende L\u00f6sungen auf dem Markt an und das \u00fcber unsere mehr als 100 Vertriebspartner in China, Europa, Japan, S\u00fcdkorea und S\u00fcdostasien.\" \/>\n<meta property=\"og:url\" content=\"https:\/\/www2.tm-robot.com\/de\/company-profile\/\" \/>\n<meta property=\"og:site_name\" content=\"Techman Robot\" \/>\n<meta property=\"article:modified_time\" content=\"2024-12-20T03:42:33+00:00\" \/>\n<meta name=\"twitter:card\" content=\"summary_large_image\" \/>\n<script type=\"application\/ld+json\" class=\"yoast-schema-graph\">{\"@context\":\"https:\/\/schema.org\",\"@graph\":[{\"@type\":\"Organization\",\"@id\":\"https:\/\/www.tm-robot.com\/en\/#organization\",\"name\":\"Techman Robot\",\"url\":\"https:\/\/www.tm-robot.com\/en\/\",\"sameAs\":[],\"logo\":{\"@type\":\"ImageObject\",\"@id\":\"https:\/\/www.tm-robot.com\/en\/#logo\",\"inLanguage\":\"de-DE\",\"url\":\"https:\/\/tm-robot.oss-cn-hongkong.aliyuncs.com\/wp-content\/uploads\/2018\/09\/logo.png\",\"contentUrl\":\"https:\/\/tm-robot.oss-cn-hongkong.aliyuncs.com\/wp-content\/uploads\/2018\/09\/logo.png\",\"width\":221,\"height\":196,\"caption\":\"Techman Robot\"},\"image\":{\"@id\":\"https:\/\/www.tm-robot.com\/en\/#logo\"}},{\"@type\":\"WebSite\",\"@id\":\"https:\/\/www.tm-robot.com\/en\/#website\",\"url\":\"https:\/\/www.tm-robot.com\/en\/\",\"name\":\"Techman Robot\",\"description\":\"Intelligent Cobots for a World of Applications\",\"publisher\":{\"@id\":\"https:\/\/www.tm-robot.com\/en\/#organization\"},\"potentialAction\":[{\"@type\":\"SearchAction\",\"target\":{\"@type\":\"EntryPoint\",\"urlTemplate\":\"https:\/\/www.tm-robot.com\/en\/?s={search_term_string}\"},\"query-input\":\"required name=search_term_string\"}],\"inLanguage\":\"de-DE\"},{\"@type\":\"WebPage\",\"@id\":\"https:\/\/www2.tm-robot.com\/de\/company-profile\/#webpage\",\"url\":\"https:\/\/www2.tm-robot.com\/de\/company-profile\/\",\"name\":\"Unternehmensgeschichte I Techman Robot\",\"isPartOf\":{\"@id\":\"https:\/\/www.tm-robot.com\/en\/#website\"},\"datePublished\":\"2020-03-23T03:54:18+00:00\",\"dateModified\":\"2024-12-20T03:42:33+00:00\",\"description\":\"Techman Robot wurde 2015 gegr\\u00fcndet und ist der einzige Hersteller von kollaborierenden Robotern mit Sitz in Taiwan. Wir bieten kollaborierende Roboter mit eingebetteten Bildverarbeitungssystemen, Software und auf Anwendungen basierende L\\u00f6sungen auf dem Markt an und das \\u00fcber unsere mehr als 100 Vertriebspartner in China, Europa, Japan, S\\u00fcdkorea und S\\u00fcdostasien.\",\"breadcrumb\":{\"@id\":\"https:\/\/www2.tm-robot.com\/de\/company-profile\/#breadcrumb\"},\"inLanguage\":\"de-DE\",\"potentialAction\":[{\"@type\":\"ReadAction\",\"target\":[\"https:\/\/www2.tm-robot.com\/de\/company-profile\/\"]}]},{\"@type\":\"BreadcrumbList\",\"@id\":\"https:\/\/www2.tm-robot.com\/de\/company-profile\/#breadcrumb\",\"itemListElement\":[{\"@type\":\"ListItem\",\"position\":1,\"name\":\"Home\",\"item\":\"https:\/\/www.tm-robot.com.cn\/de\/\"},{\"@type\":\"ListItem\",\"position\":2,\"name\":\"Unternehmensgeschichte\"}]}]}<\/script>\n<!-- \/ Yoast SEO plugin. -->","yoast_head_json":{"title":"Unternehmensgeschichte I Techman Robot","description":"Techman Robot wurde 2015 gegr\u00fcndet und ist der einzige Hersteller von kollaborierenden Robotern mit Sitz in Taiwan. Wir bieten kollaborierende Roboter mit eingebetteten Bildverarbeitungssystemen, Software und auf Anwendungen basierende L\u00f6sungen auf dem Markt an und das \u00fcber unsere mehr als 100 Vertriebspartner in China, Europa, Japan, S\u00fcdkorea und S\u00fcdostasien.","robots":{"index":"index","follow":"follow","max-snippet":"max-snippet:-1","max-image-preview":"max-image-preview:large","max-video-preview":"max-video-preview:-1"},"canonical":"https:\/\/www2.tm-robot.com\/de\/company-profile\/","og_locale":"de_DE","og_type":"article","og_title":"Unternehmensgeschichte I Techman Robot","og_description":"Techman Robot wurde 2015 gegr\u00fcndet und ist der einzige Hersteller von kollaborierenden Robotern mit Sitz in Taiwan. Wir bieten kollaborierende Roboter mit eingebetteten Bildverarbeitungssystemen, Software und auf Anwendungen basierende L\u00f6sungen auf dem Markt an und das \u00fcber unsere mehr als 100 Vertriebspartner in China, Europa, Japan, S\u00fcdkorea und S\u00fcdostasien.","og_url":"https:\/\/www2.tm-robot.com\/de\/company-profile\/","og_site_name":"Techman Robot","article_modified_time":"2024-12-20T03:42:33+00:00","twitter_card":"summary_large_image","schema":{"@context":"https:\/\/schema.org","@graph":[{"@type":"Organization","@id":"https:\/\/www.tm-robot.com\/en\/#organization","name":"Techman Robot","url":"https:\/\/www.tm-robot.com\/en\/","sameAs":[],"logo":{"@type":"ImageObject","@id":"https:\/\/www.tm-robot.com\/en\/#logo","inLanguage":"de-DE","url":"https:\/\/tm-robot.oss-cn-hongkong.aliyuncs.com\/wp-content\/uploads\/2018\/09\/logo.png","contentUrl":"https:\/\/tm-robot.oss-cn-hongkong.aliyuncs.com\/wp-content\/uploads\/2018\/09\/logo.png","width":221,"height":196,"caption":"Techman Robot"},"image":{"@id":"https:\/\/www.tm-robot.com\/en\/#logo"}},{"@type":"WebSite","@id":"https:\/\/www.tm-robot.com\/en\/#website","url":"https:\/\/www.tm-robot.com\/en\/","name":"Techman Robot","description":"Intelligent Cobots for a World of Applications","publisher":{"@id":"https:\/\/www.tm-robot.com\/en\/#organization"},"potentialAction":[{"@type":"SearchAction","target":{"@type":"EntryPoint","urlTemplate":"https:\/\/www.tm-robot.com\/en\/?s={search_term_string}"},"query-input":"required name=search_term_string"}],"inLanguage":"de-DE"},{"@type":"WebPage","@id":"https:\/\/www2.tm-robot.com\/de\/company-profile\/#webpage","url":"https:\/\/www2.tm-robot.com\/de\/company-profile\/","name":"Unternehmensgeschichte I Techman Robot","isPartOf":{"@id":"https:\/\/www.tm-robot.com\/en\/#website"},"datePublished":"2020-03-23T03:54:18+00:00","dateModified":"2024-12-20T03:42:33+00:00","description":"Techman Robot wurde 2015 gegr\u00fcndet und ist der einzige Hersteller von kollaborierenden Robotern mit Sitz in Taiwan. Wir bieten kollaborierende Roboter mit eingebetteten Bildverarbeitungssystemen, Software und auf Anwendungen basierende L\u00f6sungen auf dem Markt an und das \u00fcber unsere mehr als 100 Vertriebspartner in China, Europa, Japan, S\u00fcdkorea und S\u00fcdostasien.","breadcrumb":{"@id":"https:\/\/www2.tm-robot.com\/de\/company-profile\/#breadcrumb"},"inLanguage":"de-DE","potentialAction":[{"@type":"ReadAction","target":["https:\/\/www2.tm-robot.com\/de\/company-profile\/"]}]},{"@type":"BreadcrumbList","@id":"https:\/\/www2.tm-robot.com\/de\/company-profile\/#breadcrumb","itemListElement":[{"@type":"ListItem","position":1,"name":"Home","item":"https:\/\/www.tm-robot.com.cn\/de\/"},{"@type":"ListItem","position":2,"name":"Unternehmensgeschichte"}]}]}},"_links":{"self":[{"href":"https:\/\/www2.tm-robot.com\/de\/wp-json\/wp\/v2\/pages\/49871"}],"collection":[{"href":"https:\/\/www2.tm-robot.com\/de\/wp-json\/wp\/v2\/pages"}],"about":[{"href":"https:\/\/www2.tm-robot.com\/de\/wp-json\/wp\/v2\/types\/page"}],"author":[{"embeddable":true,"href":"https:\/\/www2.tm-robot.com\/de\/wp-json\/wp\/v2\/users\/1"}],"replies":[{"embeddable":true,"href":"https:\/\/www2.tm-robot.com\/de\/wp-json\/wp\/v2\/comments?post=49871"}],"version-history":[{"count":5,"href":"https:\/\/www2.tm-robot.com\/de\/wp-json\/wp\/v2\/pages\/49871\/revisions"}],"predecessor-version":[{"id":120412,"href":"https:\/\/www2.tm-robot.com\/de\/wp-json\/wp\/v2\/pages\/49871\/revisions\/120412"}],"wp:attachment":[{"href":"https:\/\/www2.tm-robot.com\/de\/wp-json\/wp\/v2\/media?parent=49871"}],"wp:term":[{"taxonomy":"wf_page_folders","embeddable":true,"href":"https:\/\/www2.tm-robot.com\/de\/wp-json\/wp\/v2\/wf_page_folders?post=49871"}],"curies":[{"name":"wp","href":"https:\/\/api.w.org\/{rel}","templated":true}]}}