{"id":49857,"date":"2018-06-05T09:51:26","date_gmt":"2018-06-05T01:51:26","guid":{"rendered":"https:\/\/www.tm-robot.com\/wir-ueber-uns\/"},"modified":"2026-01-07T16:40:52","modified_gmt":"2026-01-07T08:40:52","slug":"about-us","status":"publish","type":"page","link":"https:\/\/www2.tm-robot.com\/de\/about-us\/","title":{"rendered":"Wir \u00dcber Uns"},"content":{"rendered":"\t\t<div data-elementor-type=\"wp-page\" data-elementor-id=\"49857\" class=\"elementor elementor-49857 elementor-5471\">\n\t\t\t\t\t\t\t\t\t<section class=\"elementor-section elementor-top-section elementor-element elementor-element-3f8263f elementor-section-boxed elementor-section-height-default elementor-section-height-default\" data-id=\"3f8263f\" data-element_type=\"section\" data-settings=\"{&quot;background_background&quot;:&quot;classic&quot;}\">\n\t\t\t\t\t\t<div class=\"elementor-container elementor-column-gap-default\">\n\t\t\t\t\t<div class=\"elementor-column elementor-col-100 elementor-top-column elementor-element elementor-element-24d504e\" data-id=\"24d504e\" data-element_type=\"column\">\n\t\t\t<div class=\"elementor-widget-wrap\">\n\t\t\t\t\t\t\t\t\t<\/div>\n\t\t<\/div>\n\t\t\t\t\t\t\t<\/div>\n\t\t<\/section>\n\t\t\t\t<section class=\"elementor-section elementor-top-section elementor-element elementor-element-70099fe elementor-section-boxed elementor-section-height-default elementor-section-height-default\" data-id=\"70099fe\" data-element_type=\"section\">\n\t\t\t\t\t\t<div class=\"elementor-container elementor-column-gap-default\">\n\t\t\t\t\t<div class=\"elementor-column elementor-col-100 elementor-top-column elementor-element elementor-element-3ca7b04\" data-id=\"3ca7b04\" data-element_type=\"column\">\n\t\t\t<div class=\"elementor-widget-wrap elementor-element-populated\">\n\t\t\t\t\t\t\t\t<section class=\"elementor-section elementor-inner-section elementor-element elementor-element-06596e5 elementor-section-boxed elementor-section-height-default elementor-section-height-default\" data-id=\"06596e5\" data-element_type=\"section\">\n\t\t\t\t\t\t<div class=\"elementor-container elementor-column-gap-default\">\n\t\t\t\t\t<div class=\"elementor-column elementor-col-50 elementor-inner-column elementor-element elementor-element-c99a314\" data-id=\"c99a314\" data-element_type=\"column\">\n\t\t\t<div class=\"elementor-widget-wrap elementor-element-populated\">\n\t\t\t\t\t\t\t\t<div class=\"elementor-element elementor-element-e3f77d0 elementor-widget elementor-widget-heading\" data-id=\"e3f77d0\" data-element_type=\"widget\" data-widget_type=\"heading.default\">\n\t\t\t\t<div class=\"elementor-widget-container\">\n\t\t\t<h2 class=\"elementor-heading-title elementor-size-default\">\u00dcBER TECHMAN ROBOT<\/h2>\t\t<\/div>\n\t\t\t\t<\/div>\n\t\t\t\t<div class=\"elementor-element elementor-element-1227de6 elementor-widget elementor-widget-text-editor\" data-id=\"1227de6\" data-element_type=\"widget\" data-widget_type=\"text-editor.default\">\n\t\t\t\t<div class=\"elementor-widget-container\">\n\t\t\t\t\t\t\t<h5><strong><span class=\"s1\">Hallo! Wir sind Techman Robot.<\/span><\/strong><\/h5><p class=\"p1\"><span class=\"s1\">Wir sind eines der weltweit f\u00fchrendenden Unternehmen f\u00fcr kollaborierende Roboter- und Bildverarbeitungstechnologien, das sich zum Ziel gesetzt hat, die Arbeitswelt von Unternehmen und ihren Mitarbeiter durch (Roboter-)Technologieanwendungen zu verbessern.\r\n\r\nWir sind der festen \u00dcberzeugung, dass die richtigen (Roboter-)Technologieanwendungen einen gro\u00dfen Unterschied in Bezug auf Leistung, Effizienz und Produktivit\u00e4t ausmachen und sogar ganze Branchen nachhaltig positiv beeinflussen k\u00f6nnen. Wir sind \u00fcberzeugt, dass jedes Unternehmen Zugang zu gewinnbringenden Technologie haben sollte, um seine Marktposition zu verbessern.\r\n\r\nDeshalb sind wir entschlossen, unser technologisches Wissen und unsere F\u00e4higkeiten zu nutzen, um alles intelligent und einfach zu gestalten, um Grenzen zu durchbrechen, Herausforderungen zu l\u00f6sen und die Bed\u00fcrfnisse der Industrie zu erf\u00fcllen.\r\n\r\nBei Techman Robot schlie\u00dfen wir die L\u00fccke f\u00fcr jedes Unternehmen.<\/span><\/p>\t\t\t\t\t\t<\/div>\n\t\t\t\t<\/div>\n\t\t\t\t\t<\/div>\n\t\t<\/div>\n\t\t\t\t<div class=\"elementor-column elementor-col-50 elementor-inner-column elementor-element elementor-element-3febdfe\" data-id=\"3febdfe\" data-element_type=\"column\">\n\t\t\t<div class=\"elementor-widget-wrap elementor-element-populated\">\n\t\t\t\t\t\t\t\t<div class=\"elementor-element elementor-element-71e4f9d elementor-widget elementor-widget-image\" data-id=\"71e4f9d\" data-element_type=\"widget\" data-widget_type=\"image.default\">\n\t\t\t\t<div class=\"elementor-widget-container\">\n\t\t\t\t\t\t\t\t\t\t\t\t\t\t\t<img width=\"1024\" height=\"576\" src=\"https:\/\/tm-robot.oss-cn-hongkong.aliyuncs.com\/wp-content\/uploads\/2021\/04\/aboutus-1-1024x576.jpg\" class=\"attachment-large size-large\" alt=\"\" loading=\"lazy\" srcset=\"https:\/\/tm-robot.oss-cn-hongkong.aliyuncs.com\/wp-content\/uploads\/2021\/04\/aboutus-1-1024x576.jpg 1024w, https:\/\/tm-robot.oss-cn-hongkong.aliyuncs.com\/wp-content\/uploads\/2021\/04\/aboutus-1-1000x563.jpg 1000w, https:\/\/tm-robot.oss-cn-hongkong.aliyuncs.com\/wp-content\/uploads\/2021\/04\/aboutus-1-300x169.jpg 300w, https:\/\/tm-robot.oss-cn-hongkong.aliyuncs.com\/wp-content\/uploads\/2021\/04\/aboutus-1-768x432.jpg 768w, https:\/\/tm-robot.oss-cn-hongkong.aliyuncs.com\/wp-content\/uploads\/2021\/04\/aboutus-1.jpg 1920w\" sizes=\"(max-width: 1024px) 100vw, 1024px\" \/>\t\t\t\t\t\t\t\t\t\t\t\t\t\t\t<\/div>\n\t\t\t\t<\/div>\n\t\t\t\t\t<\/div>\n\t\t<\/div>\n\t\t\t\t\t\t\t<\/div>\n\t\t<\/section>\n\t\t\t\t\t<\/div>\n\t\t<\/div>\n\t\t\t\t\t\t\t<\/div>\n\t\t<\/section>\n\t\t\t\t<section class=\"elementor-section elementor-top-section elementor-element elementor-element-eb610dd elementor-section-boxed elementor-section-height-default elementor-section-height-default\" data-id=\"eb610dd\" data-element_type=\"section\">\n\t\t\t\t\t\t<div class=\"elementor-container elementor-column-gap-default\">\n\t\t\t\t\t<div class=\"elementor-column elementor-col-100 elementor-top-column elementor-element elementor-element-74333b1\" data-id=\"74333b1\" data-element_type=\"column\">\n\t\t\t<div class=\"elementor-widget-wrap elementor-element-populated\">\n\t\t\t\t\t\t\t\t<section class=\"elementor-section elementor-inner-section elementor-element elementor-element-611a19f elementor-section-boxed elementor-section-height-default elementor-section-height-default\" data-id=\"611a19f\" data-element_type=\"section\">\n\t\t\t\t\t\t<div class=\"elementor-container elementor-column-gap-default\">\n\t\t\t\t\t<div class=\"elementor-column elementor-col-50 elementor-inner-column elementor-element elementor-element-dd36df9\" data-id=\"dd36df9\" data-element_type=\"column\">\n\t\t\t<div class=\"elementor-widget-wrap elementor-element-populated\">\n\t\t\t\t\t\t\t\t<div class=\"elementor-element elementor-element-d07490c elementor-widget elementor-widget-text-editor\" data-id=\"d07490c\" data-element_type=\"widget\" data-widget_type=\"text-editor.default\">\n\t\t\t\t<div class=\"elementor-widget-container\">\n\t\t\t\t\t\t\t<p class=\"p1\"><span class=\"s1\"><b>Techman Robot hat nach vier Jahren des Markteintritts auch verbunden mit der Unterst\u00fctzung der Muttergesellschaft Quanta Storage Inc. und auch damit verbundenen globalen Netzwerken der Quanta Group hervorragende Ergebnisse erzielt. Die Quanta Group wurde 1988 gegr\u00fcndet und ist der gr\u00f6\u00dfte Notebook Hersteller der Welt. In den letzten Jahren sind sie ein Teil von Apples Lieferkette geworden, die sich ausschlie\u00dflich mit der Produktion und Montage der Apple Watch und des MacBooks besch\u00e4ftigt.<\/b><\/span><\/p>\t\t\t\t\t\t<\/div>\n\t\t\t\t<\/div>\n\t\t\t\t\t<\/div>\n\t\t<\/div>\n\t\t\t\t<div class=\"elementor-column elementor-col-50 elementor-inner-column elementor-element elementor-element-35144b1\" data-id=\"35144b1\" data-element_type=\"column\">\n\t\t\t<div class=\"elementor-widget-wrap elementor-element-populated\">\n\t\t\t\t\t\t\t\t<div class=\"elementor-element elementor-element-4a33e95 elementor-widget elementor-widget-image\" data-id=\"4a33e95\" data-element_type=\"widget\" data-widget_type=\"image.default\">\n\t\t\t\t<div class=\"elementor-widget-container\">\n\t\t\t\t\t\t\t\t\t\t\t\t\t\t\t<img width=\"1000\" height=\"524\" src=\"https:\/\/tm-robot.oss-cn-hongkong.aliyuncs.com\/wp-content\/uploads\/2021\/04\/aboutus-2.jpg\" class=\"attachment-large size-large\" alt=\"\" loading=\"lazy\" srcset=\"https:\/\/tm-robot.oss-cn-hongkong.aliyuncs.com\/wp-content\/uploads\/2021\/04\/aboutus-2.jpg 1000w, https:\/\/tm-robot.oss-cn-hongkong.aliyuncs.com\/wp-content\/uploads\/2021\/04\/aboutus-2-300x157.jpg 300w, https:\/\/tm-robot.oss-cn-hongkong.aliyuncs.com\/wp-content\/uploads\/2021\/04\/aboutus-2-768x402.jpg 768w, https:\/\/tm-robot.oss-cn-hongkong.aliyuncs.com\/wp-content\/uploads\/2021\/04\/aboutus-2-600x314.jpg 600w\" sizes=\"(max-width: 1000px) 100vw, 1000px\" \/>\t\t\t\t\t\t\t\t\t\t\t\t\t\t\t<\/div>\n\t\t\t\t<\/div>\n\t\t\t\t\t<\/div>\n\t\t<\/div>\n\t\t\t\t\t\t\t<\/div>\n\t\t<\/section>\n\t\t\t\t\t<\/div>\n\t\t<\/div>\n\t\t\t\t\t\t\t<\/div>\n\t\t<\/section>\n\t\t\t\t<section class=\"elementor-section elementor-top-section elementor-element elementor-element-466ecc8 elementor-section-boxed elementor-section-height-default elementor-section-height-default\" data-id=\"466ecc8\" data-element_type=\"section\" data-settings=\"{&quot;background_background&quot;:&quot;classic&quot;}\">\n\t\t\t\t\t\t<div class=\"elementor-container elementor-column-gap-default\">\n\t\t\t\t\t<div class=\"elementor-column elementor-col-100 elementor-top-column elementor-element elementor-element-a95ba76\" data-id=\"a95ba76\" data-element_type=\"column\">\n\t\t\t<div class=\"elementor-widget-wrap elementor-element-populated\">\n\t\t\t\t\t\t\t\t<div class=\"elementor-element elementor-element-034bff4 elementor-widget elementor-widget-heading\" data-id=\"034bff4\" data-element_type=\"widget\" data-widget_type=\"heading.default\">\n\t\t\t\t<div class=\"elementor-widget-container\">\n\t\t\t<h2 class=\"elementor-heading-title elementor-size-default\">Unsere Vision<\/h2>\t\t<\/div>\n\t\t\t\t<\/div>\n\t\t\t\t<div class=\"elementor-element elementor-element-906d670 elementor-widget elementor-widget-text-editor\" data-id=\"906d670\" data-element_type=\"widget\" data-widget_type=\"text-editor.default\">\n\t\t\t\t<div class=\"elementor-widget-container\">\n\t\t\t\t\t\t\t<h4>Wir sind entschlossen, die Arbeitswelt f\u00fcr Unternehmer und Mitarbeiter \u00fcberall zu verbessern, indem wir immer intelligentere Roboter in die Arbeitswelt einf\u00fchren.<\/h4>\t\t\t\t\t\t<\/div>\n\t\t\t\t<\/div>\n\t\t\t\t\t<\/div>\n\t\t<\/div>\n\t\t\t\t\t\t\t<\/div>\n\t\t<\/section>\n\t\t\t\t<section class=\"elementor-section elementor-top-section elementor-element elementor-element-9c65bc0 elementor-section-boxed elementor-section-height-default elementor-section-height-default\" data-id=\"9c65bc0\" data-element_type=\"section\" data-settings=\"{&quot;background_background&quot;:&quot;classic&quot;}\">\n\t\t\t\t\t\t<div class=\"elementor-container elementor-column-gap-default\">\n\t\t\t\t\t<div class=\"elementor-column elementor-col-100 elementor-top-column elementor-element elementor-element-03583b5\" data-id=\"03583b5\" data-element_type=\"column\">\n\t\t\t<div class=\"elementor-widget-wrap elementor-element-populated\">\n\t\t\t\t\t\t\t\t<div class=\"elementor-element elementor-element-66f3cbf elementor-widget elementor-widget-heading\" data-id=\"66f3cbf\" data-element_type=\"widget\" data-widget_type=\"heading.default\">\n\t\t\t\t<div class=\"elementor-widget-container\">\n\t\t\t<h2 class=\"elementor-heading-title elementor-size-default\">Unsere Mission<\/h2>\t\t<\/div>\n\t\t\t\t<\/div>\n\t\t\t\t<div class=\"elementor-element elementor-element-8e76ddd elementor-widget elementor-widget-text-editor\" data-id=\"8e76ddd\" data-element_type=\"widget\" data-widget_type=\"text-editor.default\">\n\t\t\t\t<div class=\"elementor-widget-container\">\n\t\t\t\t\t\t\t<h4 class=\"p1\"><span class=\"s1\">\r\nWir sind entschlossen, die Arbeitswelt f\u00fcr Unternehmer und Mitarbeiter \u00fcberall zu verbessern, indem wir immer intelligentere Roboter in die Arbeitswelt einf\u00fchren.\r\n<\/span><\/h4>\t\t\t\t\t\t<\/div>\n\t\t\t\t<\/div>\n\t\t\t\t\t<\/div>\n\t\t<\/div>\n\t\t\t\t\t\t\t<\/div>\n\t\t<\/section>\n\t\t\t\t<section class=\"elementor-section elementor-top-section elementor-element elementor-element-85bc6fa elementor-section-boxed elementor-section-height-default elementor-section-height-default\" data-id=\"85bc6fa\" data-element_type=\"section\" data-settings=\"{&quot;background_background&quot;:&quot;classic&quot;}\">\n\t\t\t\t\t\t<div class=\"elementor-container elementor-column-gap-default\">\n\t\t\t\t\t<div class=\"elementor-column elementor-col-100 elementor-top-column elementor-element elementor-element-c2a539a\" data-id=\"c2a539a\" data-element_type=\"column\">\n\t\t\t<div class=\"elementor-widget-wrap elementor-element-populated\">\n\t\t\t\t\t\t\t\t<div class=\"elementor-element elementor-element-2c6f28d elementor-widget elementor-widget-heading\" data-id=\"2c6f28d\" data-element_type=\"widget\" data-widget_type=\"heading.default\">\n\t\t\t\t<div class=\"elementor-widget-container\">\n\t\t\t<h2 class=\"elementor-heading-title elementor-size-default\">Grundwerte<\/h2>\t\t<\/div>\n\t\t\t\t<\/div>\n\t\t\t\t<div class=\"elementor-element elementor-element-c95f864 elementor-widget elementor-widget-text-editor\" data-id=\"c95f864\" data-element_type=\"widget\" data-widget_type=\"text-editor.default\">\n\t\t\t\t<div class=\"elementor-widget-container\">\n\t\t\t\t\t\t\t<h4 class=\"p1\"><span class=\"s1\" style=\"color: #ffffff;\">Wir glauben, dass die Bereitstellung von branchenf\u00fchrender Qualit\u00e4t, transformativer Innovation und optimiertem Service einen echten und nachhaltigen Wandel am Arbeitsplatz bewirken kann.\r\n<\/span><\/h4>\t\t\t\t\t\t<\/div>\n\t\t\t\t<\/div>\n\t\t\t\t<div class=\"elementor-element elementor-element-c992ba2 elementor-widget elementor-widget-text-editor\" data-id=\"c992ba2\" data-element_type=\"widget\" data-widget_type=\"text-editor.default\">\n\t\t\t\t<div class=\"elementor-widget-container\">\n\t\t\t\t\t\t\t<p class=\"p1\"><span style=\"color: #ffffff;\"><span class=\"s1\">Qualit\u00e4t \u2013 Wir streben nach Exzellenz, da wir uns selbst, unsere Produkte und L\u00f6sungen st\u00e4ndig verbessern wollen.\r\n<\/span><\/span><\/p>\r\n&nbsp;\r\n\r\n<span style=\"color: #ffffff;\"><span class=\"s1\">Innovation \u2013 Wir entwickeln innovative Produkte und L\u00f6su<\/span><\/span><span style=\"color: #ffffff;\"><span class=\"s1\">ngen, die echte L\u00f6sungen f\u00fcr Unternehmen und das Leben der Menschen bieten.<\/span><\/span>\r\n\r\n<span style=\"color: #ffffff;\"><span class=\"s1\">Service \u2013 Wir stehen Seite an Seite mit unseren Partnern und Kunden und helfen ihnen, ihre Ziele zu erreichen.\r\n<\/span><\/span>\t\t\t\t\t\t<\/div>\n\t\t\t\t<\/div>\n\t\t\t\t\t<\/div>\n\t\t<\/div>\n\t\t\t\t\t\t\t<\/div>\n\t\t<\/section>\n\t\t\t\t\t\t\t<\/div>\n\t\t","protected":false},"excerpt":{"rendered":"<p>\u00dcBER TECHMAN ROBOT Hallo! Wir sind Techman Robot. Wir sind eines der weltweit f\u00fchrendenden Unternehmen f\u00fcr kollaborierende Roboter- und Bildverarbeitungstechnologien, das sich zum Ziel gesetzt hat, die Arbeitswelt von Unternehmen und ihren Mitarbeiter durch (Roboter-)Technologieanwendungen zu verbessern. Wir sind der festen \u00dcberzeugung, dass die richtigen (Roboter-)Technologieanwendungen einen gro\u00dfen Unterschied in Bezug auf Leistung, Effizienz und [&hellip;]<\/p>\n","protected":false},"author":1,"featured_media":0,"parent":0,"menu_order":0,"comment_status":"closed","ping_status":"closed","template":"","meta":[],"wf_page_folders":[3142],"acf":[],"yoast_head":"<!-- This site is optimized with the Yoast SEO plugin v16.9 - https:\/\/yoast.com\/wordpress\/plugins\/seo\/ -->\n<title>Wir \u00dcber Uns I Techman Robot<\/title>\n<meta name=\"description\" content=\"Techman Robot ist ein Unternehmen f\u00fcr kollaborierende Roboter und Bildverarbeitungstechnologie. Unser Ziel ist es, die Arbeitswelt f\u00fcr Unternehmen und Mitarbeiter auf der ganzen Welt zu verbessern.\" \/>\n<meta name=\"robots\" content=\"index, follow, max-snippet:-1, max-image-preview:large, max-video-preview:-1\" \/>\n<link rel=\"canonical\" href=\"https:\/\/www2.tm-robot.com\/de\/about-us\/\" \/>\n<meta property=\"og:locale\" content=\"de_DE\" \/>\n<meta property=\"og:type\" content=\"article\" \/>\n<meta property=\"og:title\" content=\"Wir \u00dcber Uns I Techman Robot\" \/>\n<meta property=\"og:description\" content=\"Techman Robot ist ein Unternehmen f\u00fcr kollaborierende Roboter und Bildverarbeitungstechnologie. Unser Ziel ist es, die Arbeitswelt f\u00fcr Unternehmen und Mitarbeiter auf der ganzen Welt zu verbessern.\" \/>\n<meta property=\"og:url\" content=\"https:\/\/www2.tm-robot.com\/de\/about-us\/\" \/>\n<meta property=\"og:site_name\" content=\"Techman Robot\" \/>\n<meta property=\"article:modified_time\" content=\"2026-01-07T08:40:52+00:00\" \/>\n<meta property=\"og:image\" content=\"https:\/\/tm-robot.oss-cn-hongkong.aliyuncs.com\/wp-content\/uploads\/2021\/04\/aboutus-1-1024x576.jpg\" \/>\n<meta name=\"twitter:card\" content=\"summary_large_image\" \/>\n<script type=\"application\/ld+json\" class=\"yoast-schema-graph\">{\"@context\":\"https:\/\/schema.org\",\"@graph\":[{\"@type\":\"Organization\",\"@id\":\"https:\/\/www.tm-robot.com\/de\/#organization\",\"name\":\"Techman Robot\",\"url\":\"https:\/\/www.tm-robot.com\/de\/\",\"sameAs\":[],\"logo\":{\"@type\":\"ImageObject\",\"@id\":\"https:\/\/www.tm-robot.com\/de\/#logo\",\"inLanguage\":\"de-DE\",\"url\":\"https:\/\/tm-robot.oss-cn-hongkong.aliyuncs.com\/wp-content\/uploads\/2018\/09\/logo.png\",\"contentUrl\":\"https:\/\/tm-robot.oss-cn-hongkong.aliyuncs.com\/wp-content\/uploads\/2018\/09\/logo.png\",\"width\":221,\"height\":196,\"caption\":\"Techman Robot\"},\"image\":{\"@id\":\"https:\/\/www.tm-robot.com\/de\/#logo\"}},{\"@type\":\"WebSite\",\"@id\":\"https:\/\/www.tm-robot.com\/de\/#website\",\"url\":\"https:\/\/www.tm-robot.com\/de\/\",\"name\":\"Techman Robot\",\"description\":\"Intelligent Cobots for a World of Applications\",\"publisher\":{\"@id\":\"https:\/\/www.tm-robot.com\/de\/#organization\"},\"potentialAction\":[{\"@type\":\"SearchAction\",\"target\":{\"@type\":\"EntryPoint\",\"urlTemplate\":\"https:\/\/www.tm-robot.com\/de\/?s={search_term_string}\"},\"query-input\":\"required name=search_term_string\"}],\"inLanguage\":\"de-DE\"},{\"@type\":\"ImageObject\",\"@id\":\"https:\/\/www2.tm-robot.com\/de\/about-us\/#primaryimage\",\"inLanguage\":\"de-DE\",\"url\":\"https:\/\/tm-robot.oss-cn-hongkong.aliyuncs.com\/wp-content\/uploads\/2021\/04\/aboutus-1-1024x576.jpg\",\"contentUrl\":\"https:\/\/tm-robot.oss-cn-hongkong.aliyuncs.com\/wp-content\/uploads\/2021\/04\/aboutus-1-1024x576.jpg\"},{\"@type\":\"WebPage\",\"@id\":\"https:\/\/www2.tm-robot.com\/de\/about-us\/#webpage\",\"url\":\"https:\/\/www2.tm-robot.com\/de\/about-us\/\",\"name\":\"Wir \\u00dcber Uns I Techman Robot\",\"isPartOf\":{\"@id\":\"https:\/\/www.tm-robot.com\/de\/#website\"},\"primaryImageOfPage\":{\"@id\":\"https:\/\/www2.tm-robot.com\/de\/about-us\/#primaryimage\"},\"datePublished\":\"2018-06-05T01:51:26+00:00\",\"dateModified\":\"2026-01-07T08:40:52+00:00\",\"description\":\"Techman Robot ist ein Unternehmen f\\u00fcr kollaborierende Roboter und Bildverarbeitungstechnologie. Unser Ziel ist es, die Arbeitswelt f\\u00fcr Unternehmen und Mitarbeiter auf der ganzen Welt zu verbessern.\",\"breadcrumb\":{\"@id\":\"https:\/\/www2.tm-robot.com\/de\/about-us\/#breadcrumb\"},\"inLanguage\":\"de-DE\",\"potentialAction\":[{\"@type\":\"ReadAction\",\"target\":[\"https:\/\/www2.tm-robot.com\/de\/about-us\/\"]}]},{\"@type\":\"BreadcrumbList\",\"@id\":\"https:\/\/www2.tm-robot.com\/de\/about-us\/#breadcrumb\",\"itemListElement\":[{\"@type\":\"ListItem\",\"position\":1,\"name\":\"Home\",\"item\":\"https:\/\/www.tm-robot.com\/de\/\"},{\"@type\":\"ListItem\",\"position\":2,\"name\":\"Wir \\u00dcber Uns\"}]}]}<\/script>\n<!-- \/ Yoast SEO plugin. -->","yoast_head_json":{"title":"Wir \u00dcber Uns I Techman Robot","description":"Techman Robot ist ein Unternehmen f\u00fcr kollaborierende Roboter und Bildverarbeitungstechnologie. Unser Ziel ist es, die Arbeitswelt f\u00fcr Unternehmen und Mitarbeiter auf der ganzen Welt zu verbessern.","robots":{"index":"index","follow":"follow","max-snippet":"max-snippet:-1","max-image-preview":"max-image-preview:large","max-video-preview":"max-video-preview:-1"},"canonical":"https:\/\/www2.tm-robot.com\/de\/about-us\/","og_locale":"de_DE","og_type":"article","og_title":"Wir \u00dcber Uns I Techman Robot","og_description":"Techman Robot ist ein Unternehmen f\u00fcr kollaborierende Roboter und Bildverarbeitungstechnologie. Unser Ziel ist es, die Arbeitswelt f\u00fcr Unternehmen und Mitarbeiter auf der ganzen Welt zu verbessern.","og_url":"https:\/\/www2.tm-robot.com\/de\/about-us\/","og_site_name":"Techman Robot","article_modified_time":"2026-01-07T08:40:52+00:00","og_image":[{"url":"https:\/\/tm-robot.oss-cn-hongkong.aliyuncs.com\/wp-content\/uploads\/2021\/04\/aboutus-1-1024x576.jpg"}],"twitter_card":"summary_large_image","schema":{"@context":"https:\/\/schema.org","@graph":[{"@type":"Organization","@id":"https:\/\/www.tm-robot.com\/de\/#organization","name":"Techman Robot","url":"https:\/\/www.tm-robot.com\/de\/","sameAs":[],"logo":{"@type":"ImageObject","@id":"https:\/\/www.tm-robot.com\/de\/#logo","inLanguage":"de-DE","url":"https:\/\/tm-robot.oss-cn-hongkong.aliyuncs.com\/wp-content\/uploads\/2018\/09\/logo.png","contentUrl":"https:\/\/tm-robot.oss-cn-hongkong.aliyuncs.com\/wp-content\/uploads\/2018\/09\/logo.png","width":221,"height":196,"caption":"Techman Robot"},"image":{"@id":"https:\/\/www.tm-robot.com\/de\/#logo"}},{"@type":"WebSite","@id":"https:\/\/www.tm-robot.com\/de\/#website","url":"https:\/\/www.tm-robot.com\/de\/","name":"Techman Robot","description":"Intelligent Cobots for a World of Applications","publisher":{"@id":"https:\/\/www.tm-robot.com\/de\/#organization"},"potentialAction":[{"@type":"SearchAction","target":{"@type":"EntryPoint","urlTemplate":"https:\/\/www.tm-robot.com\/de\/?s={search_term_string}"},"query-input":"required name=search_term_string"}],"inLanguage":"de-DE"},{"@type":"ImageObject","@id":"https:\/\/www2.tm-robot.com\/de\/about-us\/#primaryimage","inLanguage":"de-DE","url":"https:\/\/tm-robot.oss-cn-hongkong.aliyuncs.com\/wp-content\/uploads\/2021\/04\/aboutus-1-1024x576.jpg","contentUrl":"https:\/\/tm-robot.oss-cn-hongkong.aliyuncs.com\/wp-content\/uploads\/2021\/04\/aboutus-1-1024x576.jpg"},{"@type":"WebPage","@id":"https:\/\/www2.tm-robot.com\/de\/about-us\/#webpage","url":"https:\/\/www2.tm-robot.com\/de\/about-us\/","name":"Wir \u00dcber Uns I Techman Robot","isPartOf":{"@id":"https:\/\/www.tm-robot.com\/de\/#website"},"primaryImageOfPage":{"@id":"https:\/\/www2.tm-robot.com\/de\/about-us\/#primaryimage"},"datePublished":"2018-06-05T01:51:26+00:00","dateModified":"2026-01-07T08:40:52+00:00","description":"Techman Robot ist ein Unternehmen f\u00fcr kollaborierende Roboter und Bildverarbeitungstechnologie. Unser Ziel ist es, die Arbeitswelt f\u00fcr Unternehmen und Mitarbeiter auf der ganzen Welt zu verbessern.","breadcrumb":{"@id":"https:\/\/www2.tm-robot.com\/de\/about-us\/#breadcrumb"},"inLanguage":"de-DE","potentialAction":[{"@type":"ReadAction","target":["https:\/\/www2.tm-robot.com\/de\/about-us\/"]}]},{"@type":"BreadcrumbList","@id":"https:\/\/www2.tm-robot.com\/de\/about-us\/#breadcrumb","itemListElement":[{"@type":"ListItem","position":1,"name":"Home","item":"https:\/\/www.tm-robot.com\/de\/"},{"@type":"ListItem","position":2,"name":"Wir \u00dcber Uns"}]}]}},"_links":{"self":[{"href":"https:\/\/www2.tm-robot.com\/de\/wp-json\/wp\/v2\/pages\/49857"}],"collection":[{"href":"https:\/\/www2.tm-robot.com\/de\/wp-json\/wp\/v2\/pages"}],"about":[{"href":"https:\/\/www2.tm-robot.com\/de\/wp-json\/wp\/v2\/types\/page"}],"author":[{"embeddable":true,"href":"https:\/\/www2.tm-robot.com\/de\/wp-json\/wp\/v2\/users\/1"}],"replies":[{"embeddable":true,"href":"https:\/\/www2.tm-robot.com\/de\/wp-json\/wp\/v2\/comments?post=49857"}],"version-history":[{"count":9,"href":"https:\/\/www2.tm-robot.com\/de\/wp-json\/wp\/v2\/pages\/49857\/revisions"}],"predecessor-version":[{"id":133939,"href":"https:\/\/www2.tm-robot.com\/de\/wp-json\/wp\/v2\/pages\/49857\/revisions\/133939"}],"wp:attachment":[{"href":"https:\/\/www2.tm-robot.com\/de\/wp-json\/wp\/v2\/media?parent=49857"}],"wp:term":[{"taxonomy":"wf_page_folders","embeddable":true,"href":"https:\/\/www2.tm-robot.com\/de\/wp-json\/wp\/v2\/wf_page_folders?post=49857"}],"curies":[{"name":"wp","href":"https:\/\/api.w.org\/{rel}","templated":true}]}}