{"id":49820,"date":"2019-01-16T18:29:23","date_gmt":"2019-01-16T10:29:23","guid":{"rendered":"https:\/\/www.tm-robot.com\/anwendungen\/"},"modified":"2022-11-03T17:39:04","modified_gmt":"2022-11-03T09:39:04","slug":"video-application","status":"publish","type":"page","link":"https:\/\/www2.tm-robot.com\/de\/video-application\/","title":{"rendered":"Anwendungen"},"content":{"rendered":"\t\t<div data-elementor-type=\"wp-page\" data-elementor-id=\"49820\" class=\"elementor elementor-49820 elementor-12837\">\n\t\t\t\t\t\t\t\t\t<section class=\"elementor-section elementor-top-section elementor-element elementor-element-63e13f8c elementor-section-boxed elementor-section-height-default elementor-section-height-default\" data-id=\"63e13f8c\" data-element_type=\"section\">\n\t\t\t\t\t\t<div class=\"elementor-container elementor-column-gap-default\">\n\t\t\t\t\t<div class=\"elementor-column elementor-col-100 elementor-top-column elementor-element elementor-element-507d6d12\" data-id=\"507d6d12\" data-element_type=\"column\">\n\t\t\t<div class=\"elementor-widget-wrap elementor-element-populated\">\n\t\t\t\t\t\t\t\t<div class=\"elementor-element elementor-element-a026ae8 elementor-widget elementor-widget-heading\" data-id=\"a026ae8\" data-element_type=\"widget\" data-widget_type=\"heading.default\">\n\t\t\t\t<div class=\"elementor-widget-container\">\n\t\t\t<h2 class=\"elementor-heading-title elementor-size-default\">Anwendungen<\/h2>\t\t<\/div>\n\t\t\t\t<\/div>\n\t\t\t\t\t<\/div>\n\t\t<\/div>\n\t\t\t\t\t\t\t<\/div>\n\t\t<\/section>\n\t\t\t\t<section class=\"elementor-section elementor-top-section elementor-element elementor-element-4c194a4 elementor-section-boxed elementor-section-height-default elementor-section-height-default\" data-id=\"4c194a4\" data-element_type=\"section\">\n\t\t\t\t\t\t<div class=\"elementor-container elementor-column-gap-default\">\n\t\t\t\t\t<div class=\"elementor-column elementor-col-100 elementor-top-column elementor-element elementor-element-f94b744\" data-id=\"f94b744\" data-element_type=\"column\">\n\t\t\t<div class=\"elementor-widget-wrap elementor-element-populated\">\n\t\t\t\t\t\t\t\t<div class=\"elementor-element elementor-element-5550ffe elementor-widget elementor-widget-jet-smart-filters-radio\" data-id=\"5550ffe\" data-element_type=\"widget\" data-widget_type=\"jet-smart-filters-radio.default\">\n\t\t\t\t<div class=\"elementor-widget-container\">\n\t\t\t<div class=\"jet-smart-filters-radio jet-filter \" data-indexer-rule=\"show\" data-show-counter=\"\" data-change-counter=\"always\"><div class=\"jet-radio-list\" data-query-type=\"tax_query\" data-query-var=\"application-categories\" data-smart-filter=\"radio\" data-filter-id=\"77507\" data-apply-type=\"ajax\" data-content-provider=\"epro-posts\" data-additional-providers=\"\" data-query-id=\"default\" data-active-label=\"\" data-layout-options=\"{&quot;show_label&quot;:&quot;&quot;,&quot;display_options&quot;:{&quot;show_items_label&quot;:false,&quot;show_decorator&quot;:&quot;yes&quot;,&quot;filter_image_size&quot;:&quot;full&quot;,&quot;show_counter&quot;:false}}\" data-query-var-suffix=\"\"><form class=\"jet-radio-list-wrapper\"><div class=\"jet-radio-list__row jet-filter-row\">\n\t<label class=\"jet-radio-list__item\">\n\t\t<input\n\t\t\ttype=\"radio\"\n\t\t\tclass=\"jet-radio-list__input\"\n\t\t\tname=\"application-categories\"\n\t\t\tvalue=\"all\"\n\t\t\tdata-label=\"All\"\n\t\t\t\t\t>\n\t\t<div class=\"jet-radio-list__button\">\n\t\t\t\t\t\t\t<span class=\"jet-radio-list__decorator\"><i class=\"jet-radio-list__checked-icon fa fa-check\"><\/i><\/span>\n\t\t\t\t\t\t<span class=\"jet-radio-list__label\">All<\/span>\n\t\t\t\t\t<\/div>\n\t<\/label>\n<\/div><div class=\"jet-radio-list__row jet-filter-row\">\n\t<label class=\"jet-radio-list__item\">\n\t\t<input\n\t\t\ttype=\"radio\"\n\t\t\tclass=\"jet-radio-list__input\"\n\t\t\tname=\"application-categories\"\n\t\t\tvalue=\"5040\"\n\t\t\tdata-label=\"AMR\/AGV\"\n\t\t\t\t\t>\n\t\t<div class=\"jet-radio-list__button\">\n\t\t\t\t\t\t\t<span class=\"jet-radio-list__decorator\"><i class=\"jet-radio-list__checked-icon fa fa-check\"><\/i><\/span>\n\t\t\t\t\t\t<span class=\"jet-radio-list__label\">AMR\/AGV<\/span>\n\t\t\t\t\t<\/div>\n\t<\/label>\n<\/div><div class=\"jet-radio-list__row jet-filter-row\">\n\t<label class=\"jet-radio-list__item\">\n\t\t<input\n\t\t\ttype=\"radio\"\n\t\t\tclass=\"jet-radio-list__input\"\n\t\t\tname=\"application-categories\"\n\t\t\tvalue=\"5042\"\n\t\t\tdata-label=\"Machining\"\n\t\t\t\t\t>\n\t\t<div class=\"jet-radio-list__button\">\n\t\t\t\t\t\t\t<span class=\"jet-radio-list__decorator\"><i class=\"jet-radio-list__checked-icon fa fa-check\"><\/i><\/span>\n\t\t\t\t\t\t<span class=\"jet-radio-list__label\">Machining<\/span>\n\t\t\t\t\t<\/div>\n\t<\/label>\n<\/div><div class=\"jet-radio-list__row jet-filter-row\">\n\t<label class=\"jet-radio-list__item\">\n\t\t<input\n\t\t\ttype=\"radio\"\n\t\t\tclass=\"jet-radio-list__input\"\n\t\t\tname=\"application-categories\"\n\t\t\tvalue=\"5038\"\n\t\t\tdata-label=\"Maschinenbedienung\"\n\t\t\t\t\t>\n\t\t<div class=\"jet-radio-list__button\">\n\t\t\t\t\t\t\t<span class=\"jet-radio-list__decorator\"><i class=\"jet-radio-list__checked-icon fa fa-check\"><\/i><\/span>\n\t\t\t\t\t\t<span class=\"jet-radio-list__label\">Maschinenbedienung<\/span>\n\t\t\t\t\t<\/div>\n\t<\/label>\n<\/div><div class=\"jet-radio-list__row jet-filter-row\">\n\t<label class=\"jet-radio-list__item\">\n\t\t<input\n\t\t\ttype=\"radio\"\n\t\t\tclass=\"jet-radio-list__input\"\n\t\t\tname=\"application-categories\"\n\t\t\tvalue=\"5041\"\n\t\t\tdata-label=\"Palettieren\"\n\t\t\t\t\t>\n\t\t<div class=\"jet-radio-list__button\">\n\t\t\t\t\t\t\t<span class=\"jet-radio-list__decorator\"><i class=\"jet-radio-list__checked-icon fa fa-check\"><\/i><\/span>\n\t\t\t\t\t\t<span class=\"jet-radio-list__label\">Palettieren<\/span>\n\t\t\t\t\t<\/div>\n\t<\/label>\n<\/div><div class=\"jet-radio-list__row jet-filter-row\">\n\t<label class=\"jet-radio-list__item\">\n\t\t<input\n\t\t\ttype=\"radio\"\n\t\t\tclass=\"jet-radio-list__input\"\n\t\t\tname=\"application-categories\"\n\t\t\tvalue=\"5033\"\n\t\t\tdata-label=\"Processing\"\n\t\t\t\t\t>\n\t\t<div class=\"jet-radio-list__button\">\n\t\t\t\t\t\t\t<span class=\"jet-radio-list__decorator\"><i class=\"jet-radio-list__checked-icon fa fa-check\"><\/i><\/span>\n\t\t\t\t\t\t<span class=\"jet-radio-list__label\">Processing<\/span>\n\t\t\t\t\t<\/div>\n\t<\/label>\n<\/div><div class=\"jet-radio-list__row jet-filter-row\">\n\t<label class=\"jet-radio-list__item\">\n\t\t<input\n\t\t\ttype=\"radio\"\n\t\t\tclass=\"jet-radio-list__input\"\n\t\t\tname=\"application-categories\"\n\t\t\tvalue=\"5045\"\n\t\t\tdata-label=\"Qualit\u00e4tskontrolle\"\n\t\t\t\t\t>\n\t\t<div class=\"jet-radio-list__button\">\n\t\t\t\t\t\t\t<span class=\"jet-radio-list__decorator\"><i class=\"jet-radio-list__checked-icon fa fa-check\"><\/i><\/span>\n\t\t\t\t\t\t<span class=\"jet-radio-list__label\">Qualit\u00e4tskontrolle<\/span>\n\t\t\t\t\t<\/div>\n\t<\/label>\n<\/div><div class=\"jet-radio-list__row jet-filter-row\">\n\t<label class=\"jet-radio-list__item\">\n\t\t<input\n\t\t\ttype=\"radio\"\n\t\t\tclass=\"jet-radio-list__input\"\n\t\t\tname=\"application-categories\"\n\t\t\tvalue=\"5036\"\n\t\t\tdata-label=\"Schwei\u00dfen\"\n\t\t\t\t\t>\n\t\t<div class=\"jet-radio-list__button\">\n\t\t\t\t\t\t\t<span class=\"jet-radio-list__decorator\"><i class=\"jet-radio-list__checked-icon fa fa-check\"><\/i><\/span>\n\t\t\t\t\t\t<span class=\"jet-radio-list__label\">Schwei\u00dfen<\/span>\n\t\t\t\t\t<\/div>\n\t<\/label>\n<\/div><div class=\"jet-radio-list__row jet-filter-row\">\n\t<label class=\"jet-radio-list__item\">\n\t\t<input\n\t\t\ttype=\"radio\"\n\t\t\tclass=\"jet-radio-list__input\"\n\t\t\tname=\"application-categories\"\n\t\t\tvalue=\"5046\"\n\t\t\tdata-label=\"Screwing Driving\"\n\t\t\t\t\t>\n\t\t<div class=\"jet-radio-list__button\">\n\t\t\t\t\t\t\t<span class=\"jet-radio-list__decorator\"><i class=\"jet-radio-list__checked-icon fa fa-check\"><\/i><\/span>\n\t\t\t\t\t\t<span class=\"jet-radio-list__label\">Screwing Driving<\/span>\n\t\t\t\t\t<\/div>\n\t<\/label>\n<\/div><div class=\"jet-radio-list__row jet-filter-row\">\n\t<label class=\"jet-radio-list__item\">\n\t\t<input\n\t\t\ttype=\"radio\"\n\t\t\tclass=\"jet-radio-list__input\"\n\t\t\tname=\"application-categories\"\n\t\t\tvalue=\"5029\"\n\t\t\tdata-label=\"Vision\"\n\t\t\t\t\t>\n\t\t<div class=\"jet-radio-list__button\">\n\t\t\t\t\t\t\t<span class=\"jet-radio-list__decorator\"><i class=\"jet-radio-list__checked-icon fa fa-check\"><\/i><\/span>\n\t\t\t\t\t\t<span class=\"jet-radio-list__label\">Vision<\/span>\n\t\t\t\t\t<\/div>\n\t<\/label>\n<\/div><\/form><\/div>\n<\/div>\t\t<\/div>\n\t\t\t\t<\/div>\n\t\t\t\t<div class=\"elementor-element elementor-element-65a7ade elementor-widget elementor-widget-jet-smart-filters-pagination\" data-id=\"65a7ade\" data-element_type=\"widget\" data-widget_type=\"jet-smart-filters-pagination.default\">\n\t\t\t\t<div class=\"elementor-widget-container\">\n\t\t\t<div\n\t\t\t\tclass=\"jet-smart-filters-pagination\"\n\t\t\t\tdata-apply-provider=\"epro-posts\"\n\t\t\t\tdata-content-provider=\"epro-posts\"\n\t\t\t\tdata-query-id=\"default\"\n\t\t\t\tdata-controls=\"{&quot;nav&quot;:true,&quot;prev&quot;:&quot;Prev&quot;,&quot;next&quot;:&quot;Next&quot;,&quot;pages_mid_size&quot;:0,&quot;pages_end_size&quot;:0,&quot;provider_top_offset&quot;:0}\"\n\t\t\t\tdata-apply-type=\"ajax\"\n\t\t\t><\/div>\t\t<\/div>\n\t\t\t\t<\/div>\n\t\t\t\t\t<\/div>\n\t\t<\/div>\n\t\t\t\t\t\t\t<\/div>\n\t\t<\/section>\n\t\t\t\t\t\t\t<\/div>\n\t\t","protected":false},"excerpt":{"rendered":"<p>Anwendungen All 3D Bin Picking AGV All Application Assembly Conveyor Tracking Glue Dispensing Injection Molding Laser Cutting Machine Tending Packaging, Labeling &amp; Palletizing PCB Handling Pick &amp; Place Polishing &amp; Deburring Quality Inspection Screw driving Soldering &amp; Welding<\/p>\n","protected":false},"author":1,"featured_media":0,"parent":0,"menu_order":0,"comment_status":"closed","ping_status":"closed","template":"","meta":[],"wf_page_folders":[3145],"acf":[],"yoast_head":"<!-- This site is optimized with the Yoast SEO plugin v16.9 - https:\/\/yoast.com\/wordpress\/plugins\/seo\/ -->\n<title>Industrie 4.0 Anwendungen I Techman Robot<\/title>\n<meta name=\"description\" content=\"Unsere Cobots sind mit einem eingebauten Kamerasystem ausgestattet, wodurch sie Automatisierungsaufgaben f\u00fcr verschiedene Branchen \u00fcbernehmen k\u00f6nnen. Hier erfahren Sie mehr.\" \/>\n<meta name=\"robots\" content=\"index, follow, max-snippet:-1, max-image-preview:large, max-video-preview:-1\" \/>\n<link rel=\"canonical\" href=\"https:\/\/www2.tm-robot.com\/de\/video-application\/\" \/>\n<meta property=\"og:locale\" content=\"de_DE\" \/>\n<meta property=\"og:type\" content=\"article\" \/>\n<meta property=\"og:title\" content=\"Industrie 4.0 Anwendungen I Techman Robot\" \/>\n<meta property=\"og:description\" content=\"Unsere Cobots sind mit einem eingebauten Kamerasystem ausgestattet, wodurch sie Automatisierungsaufgaben f\u00fcr verschiedene Branchen \u00fcbernehmen k\u00f6nnen. Hier erfahren Sie mehr.\" \/>\n<meta property=\"og:url\" content=\"https:\/\/www2.tm-robot.com\/de\/video-application\/\" \/>\n<meta property=\"og:site_name\" content=\"Techman Robot\" \/>\n<meta property=\"article:modified_time\" content=\"2022-11-03T09:39:04+00:00\" \/>\n<meta name=\"twitter:card\" content=\"summary_large_image\" \/>\n<script type=\"application\/ld+json\" class=\"yoast-schema-graph\">{\"@context\":\"https:\/\/schema.org\",\"@graph\":[{\"@type\":\"Organization\",\"@id\":\"https:\/\/www.tm-robot.com\/ko\/#organization\",\"name\":\"Techman Robot\",\"url\":\"https:\/\/www.tm-robot.com\/ko\/\",\"sameAs\":[],\"logo\":{\"@type\":\"ImageObject\",\"@id\":\"https:\/\/www.tm-robot.com\/ko\/#logo\",\"inLanguage\":\"de-DE\",\"url\":\"https:\/\/tm-robot.oss-cn-hongkong.aliyuncs.com\/wp-content\/uploads\/2018\/09\/logo.png\",\"contentUrl\":\"https:\/\/tm-robot.oss-cn-hongkong.aliyuncs.com\/wp-content\/uploads\/2018\/09\/logo.png\",\"width\":221,\"height\":196,\"caption\":\"Techman Robot\"},\"image\":{\"@id\":\"https:\/\/www.tm-robot.com\/ko\/#logo\"}},{\"@type\":\"WebSite\",\"@id\":\"https:\/\/www.tm-robot.com\/ko\/#website\",\"url\":\"https:\/\/www.tm-robot.com\/ko\/\",\"name\":\"Techman Robot\",\"description\":\"Intelligent Cobots for a World of Applications\",\"publisher\":{\"@id\":\"https:\/\/www.tm-robot.com\/ko\/#organization\"},\"potentialAction\":[{\"@type\":\"SearchAction\",\"target\":{\"@type\":\"EntryPoint\",\"urlTemplate\":\"https:\/\/www.tm-robot.com\/ko\/?s={search_term_string}\"},\"query-input\":\"required name=search_term_string\"}],\"inLanguage\":\"de-DE\"},{\"@type\":\"WebPage\",\"@id\":\"https:\/\/www2.tm-robot.com\/de\/video-application\/#webpage\",\"url\":\"https:\/\/www2.tm-robot.com\/de\/video-application\/\",\"name\":\"Industrie 4.0 Anwendungen I Techman Robot\",\"isPartOf\":{\"@id\":\"https:\/\/www.tm-robot.com\/ko\/#website\"},\"datePublished\":\"2019-01-16T10:29:23+00:00\",\"dateModified\":\"2022-11-03T09:39:04+00:00\",\"description\":\"Unsere Cobots sind mit einem eingebauten Kamerasystem ausgestattet, wodurch sie Automatisierungsaufgaben f\\u00fcr verschiedene Branchen \\u00fcbernehmen k\\u00f6nnen. Hier erfahren Sie mehr.\",\"breadcrumb\":{\"@id\":\"https:\/\/www2.tm-robot.com\/de\/video-application\/#breadcrumb\"},\"inLanguage\":\"de-DE\",\"potentialAction\":[{\"@type\":\"ReadAction\",\"target\":[\"https:\/\/www2.tm-robot.com\/de\/video-application\/\"]}]},{\"@type\":\"BreadcrumbList\",\"@id\":\"https:\/\/www2.tm-robot.com\/de\/video-application\/#breadcrumb\",\"itemListElement\":[{\"@type\":\"ListItem\",\"position\":1,\"name\":\"Home\",\"item\":\"https:\/\/www2.tm-robot.com\/de\/\"},{\"@type\":\"ListItem\",\"position\":2,\"name\":\"Anwendungen\"}]}]}<\/script>\n<!-- \/ Yoast SEO plugin. -->","yoast_head_json":{"title":"Industrie 4.0 Anwendungen I Techman Robot","description":"Unsere Cobots sind mit einem eingebauten Kamerasystem ausgestattet, wodurch sie Automatisierungsaufgaben f\u00fcr verschiedene Branchen \u00fcbernehmen k\u00f6nnen. Hier erfahren Sie mehr.","robots":{"index":"index","follow":"follow","max-snippet":"max-snippet:-1","max-image-preview":"max-image-preview:large","max-video-preview":"max-video-preview:-1"},"canonical":"https:\/\/www2.tm-robot.com\/de\/video-application\/","og_locale":"de_DE","og_type":"article","og_title":"Industrie 4.0 Anwendungen I Techman Robot","og_description":"Unsere Cobots sind mit einem eingebauten Kamerasystem ausgestattet, wodurch sie Automatisierungsaufgaben f\u00fcr verschiedene Branchen \u00fcbernehmen k\u00f6nnen. Hier erfahren Sie mehr.","og_url":"https:\/\/www2.tm-robot.com\/de\/video-application\/","og_site_name":"Techman Robot","article_modified_time":"2022-11-03T09:39:04+00:00","twitter_card":"summary_large_image","schema":{"@context":"https:\/\/schema.org","@graph":[{"@type":"Organization","@id":"https:\/\/www.tm-robot.com\/ko\/#organization","name":"Techman Robot","url":"https:\/\/www.tm-robot.com\/ko\/","sameAs":[],"logo":{"@type":"ImageObject","@id":"https:\/\/www.tm-robot.com\/ko\/#logo","inLanguage":"de-DE","url":"https:\/\/tm-robot.oss-cn-hongkong.aliyuncs.com\/wp-content\/uploads\/2018\/09\/logo.png","contentUrl":"https:\/\/tm-robot.oss-cn-hongkong.aliyuncs.com\/wp-content\/uploads\/2018\/09\/logo.png","width":221,"height":196,"caption":"Techman Robot"},"image":{"@id":"https:\/\/www.tm-robot.com\/ko\/#logo"}},{"@type":"WebSite","@id":"https:\/\/www.tm-robot.com\/ko\/#website","url":"https:\/\/www.tm-robot.com\/ko\/","name":"Techman Robot","description":"Intelligent Cobots for a World of Applications","publisher":{"@id":"https:\/\/www.tm-robot.com\/ko\/#organization"},"potentialAction":[{"@type":"SearchAction","target":{"@type":"EntryPoint","urlTemplate":"https:\/\/www.tm-robot.com\/ko\/?s={search_term_string}"},"query-input":"required name=search_term_string"}],"inLanguage":"de-DE"},{"@type":"WebPage","@id":"https:\/\/www2.tm-robot.com\/de\/video-application\/#webpage","url":"https:\/\/www2.tm-robot.com\/de\/video-application\/","name":"Industrie 4.0 Anwendungen I Techman Robot","isPartOf":{"@id":"https:\/\/www.tm-robot.com\/ko\/#website"},"datePublished":"2019-01-16T10:29:23+00:00","dateModified":"2022-11-03T09:39:04+00:00","description":"Unsere Cobots sind mit einem eingebauten Kamerasystem ausgestattet, wodurch sie Automatisierungsaufgaben f\u00fcr verschiedene Branchen \u00fcbernehmen k\u00f6nnen. Hier erfahren Sie mehr.","breadcrumb":{"@id":"https:\/\/www2.tm-robot.com\/de\/video-application\/#breadcrumb"},"inLanguage":"de-DE","potentialAction":[{"@type":"ReadAction","target":["https:\/\/www2.tm-robot.com\/de\/video-application\/"]}]},{"@type":"BreadcrumbList","@id":"https:\/\/www2.tm-robot.com\/de\/video-application\/#breadcrumb","itemListElement":[{"@type":"ListItem","position":1,"name":"Home","item":"https:\/\/www2.tm-robot.com\/de\/"},{"@type":"ListItem","position":2,"name":"Anwendungen"}]}]}},"_links":{"self":[{"href":"https:\/\/www2.tm-robot.com\/de\/wp-json\/wp\/v2\/pages\/49820"}],"collection":[{"href":"https:\/\/www2.tm-robot.com\/de\/wp-json\/wp\/v2\/pages"}],"about":[{"href":"https:\/\/www2.tm-robot.com\/de\/wp-json\/wp\/v2\/types\/page"}],"author":[{"embeddable":true,"href":"https:\/\/www2.tm-robot.com\/de\/wp-json\/wp\/v2\/users\/1"}],"replies":[{"embeddable":true,"href":"https:\/\/www2.tm-robot.com\/de\/wp-json\/wp\/v2\/comments?post=49820"}],"version-history":[{"count":0,"href":"https:\/\/www2.tm-robot.com\/de\/wp-json\/wp\/v2\/pages\/49820\/revisions"}],"wp:attachment":[{"href":"https:\/\/www2.tm-robot.com\/de\/wp-json\/wp\/v2\/media?parent=49820"}],"wp:term":[{"taxonomy":"wf_page_folders","embeddable":true,"href":"https:\/\/www2.tm-robot.com\/de\/wp-json\/wp\/v2\/wf_page_folders?post=49820"}],"curies":[{"name":"wp","href":"https:\/\/api.w.org\/{rel}","templated":true}]}}