{"id":106268,"date":"2024-02-05T16:54:15","date_gmt":"2024-02-05T08:54:15","guid":{"rendered":"https:\/\/www.tm-robot.com\/?page_id=106268"},"modified":"2024-12-23T15:48:52","modified_gmt":"2024-12-23T07:48:52","slug":"introduction-of-ai-vision","status":"publish","type":"page","link":"https:\/\/www2.tm-robot.com\/de\/introduction-of-ai-vision\/","title":{"rendered":"Einf\u00fchrung von AI Vision"},"content":{"rendered":"\t\t<div data-elementor-type=\"wp-page\" data-elementor-id=\"106268\" class=\"elementor elementor-106268 elementor-106267\">\n\t\t\t\t\t\t\t\t\t<section class=\"elementor-section elementor-top-section elementor-element elementor-element-e5be80f elementor-section-boxed elementor-section-height-default elementor-section-height-default\" data-id=\"e5be80f\" data-element_type=\"section\" data-settings=\"{&quot;background_background&quot;:&quot;classic&quot;}\">\n\t\t\t\t\t\t\t<div class=\"elementor-background-overlay\"><\/div>\n\t\t\t\t\t\t\t<div class=\"elementor-container elementor-column-gap-default\">\n\t\t\t\t\t<div class=\"elementor-column elementor-col-50 elementor-top-column elementor-element elementor-element-a9cb36c\" data-id=\"a9cb36c\" data-element_type=\"column\" data-settings=\"{&quot;background_background&quot;:&quot;gradient&quot;}\">\n\t\t\t<div class=\"elementor-widget-wrap elementor-element-populated\">\n\t\t\t\t\t\t\t\t<div class=\"elementor-element elementor-element-85365f6 elementor-widget elementor-widget-text-editor\" data-id=\"85365f6\" data-element_type=\"widget\" data-widget_type=\"text-editor.default\">\n\t\t\t\t<div class=\"elementor-widget-container\">\n\t\t\t\t\t\t\t<h1 style=\"text-align: left; color: #ffffff;\"><span style=\"white-space-collapse: preserve;\">Erleben Sie die Kraft der intelligenten Automatisierung<\/span><\/h1>\t\t\t\t\t\t<\/div>\n\t\t\t\t<\/div>\n\t\t\t\t<div class=\"elementor-element elementor-element-a144a1f elementor-widget elementor-widget-heading\" data-id=\"a144a1f\" data-element_type=\"widget\" data-widget_type=\"heading.default\">\n\t\t\t\t<div class=\"elementor-widget-container\">\n\t\t\t<h2 class=\"elementor-heading-title elementor-size-default\">Softwarel\u00f6sungen f\u00fcr flexible Fertigung, kosteneffiziente Integration und verbesserte Produktionsqualit\u00e4t<\/h2>\t\t<\/div>\n\t\t\t\t<\/div>\n\t\t\t\t\t<\/div>\n\t\t<\/div>\n\t\t\t\t<div class=\"elementor-column elementor-col-50 elementor-top-column elementor-element elementor-element-c2a7e0c\" data-id=\"c2a7e0c\" data-element_type=\"column\">\n\t\t\t<div class=\"elementor-widget-wrap\">\n\t\t\t\t\t\t\t\t\t<\/div>\n\t\t<\/div>\n\t\t\t\t\t\t\t<\/div>\n\t\t<\/section>\n\t\t\t\t<section class=\"elementor-section elementor-top-section elementor-element elementor-element-37a92c3 elementor-section-full_width elementor-section-height-default elementor-section-height-default\" data-id=\"37a92c3\" data-element_type=\"section\" data-settings=\"{&quot;background_background&quot;:&quot;classic&quot;}\">\n\t\t\t\t\t\t<div class=\"elementor-container elementor-column-gap-default\">\n\t\t\t\t\t<div class=\"elementor-column elementor-col-100 elementor-top-column elementor-element elementor-element-4d45b70\" data-id=\"4d45b70\" data-element_type=\"column\">\n\t\t\t<div class=\"elementor-widget-wrap\">\n\t\t\t\t\t\t\t\t\t<\/div>\n\t\t<\/div>\n\t\t\t\t\t\t\t<\/div>\n\t\t<\/section>\n\t\t\t\t<section class=\"elementor-section elementor-top-section elementor-element elementor-element-862dc4a elementor-section-boxed elementor-section-height-default elementor-section-height-default\" data-id=\"862dc4a\" data-element_type=\"section\" data-settings=\"{&quot;background_background&quot;:&quot;classic&quot;}\">\n\t\t\t\t\t\t<div class=\"elementor-container elementor-column-gap-default\">\n\t\t\t\t\t<div class=\"elementor-column elementor-col-50 elementor-top-column elementor-element elementor-element-b6b4890\" data-id=\"b6b4890\" data-element_type=\"column\">\n\t\t\t<div class=\"elementor-widget-wrap elementor-element-populated\">\n\t\t\t\t\t\t\t\t<div class=\"elementor-element elementor-element-9874565 elementor-widget elementor-widget-heading\" data-id=\"9874565\" data-element_type=\"widget\" data-widget_type=\"heading.default\">\n\t\t\t\t<div class=\"elementor-widget-container\">\n\t\t\t<h2 class=\"elementor-heading-title elementor-size-default\">Vorstellung von AI Vision<\/h2>\t\t<\/div>\n\t\t\t\t<\/div>\n\t\t\t\t<div class=\"elementor-element elementor-element-a354d27 elementor-widget elementor-widget-text-editor\" data-id=\"a354d27\" data-element_type=\"widget\" data-widget_type=\"text-editor.default\">\n\t\t\t\t<div class=\"elementor-widget-container\">\n\t\t\t\t\t\t\tAI Vision ist eine Serie von Erweiterungsmerkmalen und Produkten, die nahtlos in Ihren vorhandenen TMflow Vision Node integriert werden. Revolutionieren Sie Ihre automatisierten Prozesse mit Funktionen wie der Positionierung von Bauteilen, dem Lesen von Barcodes, der Dimensionenmessung und der visuellen Inspektion. Durch die Nutzung von AI Vision sind Sie bereit, Ihre Produktionsqualit\u00e4t zu verbessern und die betriebliche Effizienz zu maximieren.\r\n<ul>\r\n \t<li><span style=\"white-space-collapse: preserve;\"><strong><a href=\"https:\/\/www.tm-robot.com\/de\/tm-ai-trainer\/\">TM AI+ Trainer<\/a><\/strong> &#8211; AI-Algorithmusplattform<\/span><\/li>\r\n \t<li><span style=\"white-space-collapse: preserve;\"><strong><a href=\"https:\/\/www.tm-robot.com\/de\/tm-ai-aoi-edge\/\">TM AI+ AOI Edge<\/a><\/strong> &#8211; Vision Inspektionssoftware<\/span><\/li>\r\n \t<li><span style=\"white-space-collapse: preserve;\"><strong><a href=\"https:\/\/www.tm-robot.com\/de\/tm-image-manager\/\">TM Image Manager<\/a><\/strong> &#8211; Inspektionsbildverwaltung<\/span><\/li>\r\n<\/ul>\t\t\t\t\t\t<\/div>\n\t\t\t\t<\/div>\n\t\t\t\t\t<\/div>\n\t\t<\/div>\n\t\t\t\t<div class=\"elementor-column elementor-col-50 elementor-top-column elementor-element elementor-element-feb86ab\" data-id=\"feb86ab\" data-element_type=\"column\">\n\t\t\t<div class=\"elementor-widget-wrap elementor-element-populated\">\n\t\t\t\t\t\t\t\t<div class=\"elementor-element elementor-element-c17dde2 elementor-widget elementor-widget-text-editor\" data-id=\"c17dde2\" data-element_type=\"widget\" data-widget_type=\"text-editor.default\">\n\t\t\t\t<div class=\"elementor-widget-container\">\n\t\t\t\t\t\t\t<iframe loading=\"lazy\" title=\"YouTube video player\" src=\"https:\/\/www.youtube.com\/embed\/4yqg_SQZLwE?si=nyyRWe-He4B7EQjF\" width=\"560\" height=\"315\" frameborder=\"0\" allowfullscreen=\"allowfullscreen\"><\/iframe>\t\t\t\t\t\t<\/div>\n\t\t\t\t<\/div>\n\t\t\t\t\t<\/div>\n\t\t<\/div>\n\t\t\t\t\t\t\t<\/div>\n\t\t<\/section>\n\t\t\t\t\t\t\t<\/div>\n\t\t","protected":false},"excerpt":{"rendered":"<p>Erleben Sie die Kraft der intelligenten Automatisierung Softwarel\u00f6sungen f\u00fcr flexible Fertigung, kosteneffiziente Integration und verbesserte Produktionsqualit\u00e4t Vorstellung von AI Vision AI Vision ist eine Serie von Erweiterungsmerkmalen und Produkten, die nahtlos in Ihren vorhandenen TMflow Vision Node integriert werden. Revolutionieren Sie Ihre automatisierten Prozesse mit Funktionen wie der Positionierung von Bauteilen, dem Lesen von Barcodes, [&hellip;]<\/p>\n","protected":false},"author":1,"featured_media":0,"parent":0,"menu_order":0,"comment_status":"closed","ping_status":"closed","template":"","meta":[],"wf_page_folders":[5069],"acf":[],"yoast_head":"<!-- This site is optimized with the Yoast SEO plugin v16.9 - https:\/\/yoast.com\/wordpress\/plugins\/seo\/ -->\n<title>Einf\u00fchrung von AI Vision | Techman Robot<\/title>\n<meta name=\"description\" content=\"AI Vision ist eine Serie von Erweiterungsmerkmalen und Produkten, die nahtlos in Ihren vorhandenen TMflow Vision Node integriert werden. Revolutionieren Sie Ihre automatisierten Prozesse mit Funktionen wie der Positionierung von Bauteilen, dem Lesen von Barcodes, der Dimensionenmessung und der visuellen Inspektion. Durch die Nutzung von AI Vision sind Sie bereit, Ihre Produktionsqualit\u00e4t zu verbessern und die betriebliche Effizienz zu maximieren.\" \/>\n<meta name=\"robots\" content=\"index, follow, max-snippet:-1, max-image-preview:large, max-video-preview:-1\" \/>\n<link rel=\"canonical\" href=\"https:\/\/www2.tm-robot.com\/de\/introduction-of-ai-vision\/\" \/>\n<meta property=\"og:locale\" content=\"de_DE\" \/>\n<meta property=\"og:type\" content=\"article\" \/>\n<meta property=\"og:title\" content=\"Einf\u00fchrung von AI Vision | Techman Robot\" \/>\n<meta property=\"og:description\" content=\"AI Vision ist eine Serie von Erweiterungsmerkmalen und Produkten, die nahtlos in Ihren vorhandenen TMflow Vision Node integriert werden. Revolutionieren Sie Ihre automatisierten Prozesse mit Funktionen wie der Positionierung von Bauteilen, dem Lesen von Barcodes, der Dimensionenmessung und der visuellen Inspektion. Durch die Nutzung von AI Vision sind Sie bereit, Ihre Produktionsqualit\u00e4t zu verbessern und die betriebliche Effizienz zu maximieren.\" \/>\n<meta property=\"og:url\" content=\"https:\/\/www2.tm-robot.com\/de\/introduction-of-ai-vision\/\" \/>\n<meta property=\"og:site_name\" content=\"Techman Robot\" \/>\n<meta property=\"article:modified_time\" content=\"2024-12-23T07:48:52+00:00\" \/>\n<meta name=\"twitter:card\" content=\"summary_large_image\" \/>\n<script type=\"application\/ld+json\" class=\"yoast-schema-graph\">{\"@context\":\"https:\/\/schema.org\",\"@graph\":[{\"@type\":\"Organization\",\"@id\":\"https:\/\/www.tm-robot.com\/zh-hant\/#organization\",\"name\":\"Techman Robot\",\"url\":\"https:\/\/www.tm-robot.com\/zh-hant\/\",\"sameAs\":[],\"logo\":{\"@type\":\"ImageObject\",\"@id\":\"https:\/\/www.tm-robot.com\/zh-hant\/#logo\",\"inLanguage\":\"de-DE\",\"url\":\"https:\/\/tm-robot.oss-cn-hongkong.aliyuncs.com\/wp-content\/uploads\/2018\/09\/logo.png\",\"contentUrl\":\"https:\/\/tm-robot.oss-cn-hongkong.aliyuncs.com\/wp-content\/uploads\/2018\/09\/logo.png\",\"width\":221,\"height\":196,\"caption\":\"Techman Robot\"},\"image\":{\"@id\":\"https:\/\/www.tm-robot.com\/zh-hant\/#logo\"}},{\"@type\":\"WebSite\",\"@id\":\"https:\/\/www.tm-robot.com\/zh-hant\/#website\",\"url\":\"https:\/\/www.tm-robot.com\/zh-hant\/\",\"name\":\"Techman Robot\",\"description\":\"Intelligent Cobots for a World of Applications\",\"publisher\":{\"@id\":\"https:\/\/www.tm-robot.com\/zh-hant\/#organization\"},\"potentialAction\":[{\"@type\":\"SearchAction\",\"target\":{\"@type\":\"EntryPoint\",\"urlTemplate\":\"https:\/\/www.tm-robot.com\/zh-hant\/?s={search_term_string}\"},\"query-input\":\"required name=search_term_string\"}],\"inLanguage\":\"de-DE\"},{\"@type\":\"WebPage\",\"@id\":\"https:\/\/www2.tm-robot.com\/de\/introduction-of-ai-vision\/#webpage\",\"url\":\"https:\/\/www2.tm-robot.com\/de\/introduction-of-ai-vision\/\",\"name\":\"Einf\\u00fchrung von AI Vision | Techman Robot\",\"isPartOf\":{\"@id\":\"https:\/\/www.tm-robot.com\/zh-hant\/#website\"},\"datePublished\":\"2024-02-05T08:54:15+00:00\",\"dateModified\":\"2024-12-23T07:48:52+00:00\",\"description\":\"AI Vision ist eine Serie von Erweiterungsmerkmalen und Produkten, die nahtlos in Ihren vorhandenen TMflow Vision Node integriert werden. Revolutionieren Sie Ihre automatisierten Prozesse mit Funktionen wie der Positionierung von Bauteilen, dem Lesen von Barcodes, der Dimensionenmessung und der visuellen Inspektion. Durch die Nutzung von AI Vision sind Sie bereit, Ihre Produktionsqualit\\u00e4t zu verbessern und die betriebliche Effizienz zu maximieren.\",\"breadcrumb\":{\"@id\":\"https:\/\/www2.tm-robot.com\/de\/introduction-of-ai-vision\/#breadcrumb\"},\"inLanguage\":\"de-DE\",\"potentialAction\":[{\"@type\":\"ReadAction\",\"target\":[\"https:\/\/www2.tm-robot.com\/de\/introduction-of-ai-vision\/\"]}]},{\"@type\":\"BreadcrumbList\",\"@id\":\"https:\/\/www2.tm-robot.com\/de\/introduction-of-ai-vision\/#breadcrumb\",\"itemListElement\":[{\"@type\":\"ListItem\",\"position\":1,\"name\":\"Home\",\"item\":\"https:\/\/www.tm-robot.com\/de\/\"},{\"@type\":\"ListItem\",\"position\":2,\"name\":\"Einf\\u00fchrung von AI Vision\"}]}]}<\/script>\n<!-- \/ Yoast SEO plugin. -->","yoast_head_json":{"title":"Einf\u00fchrung von AI Vision | Techman Robot","description":"AI Vision ist eine Serie von Erweiterungsmerkmalen und Produkten, die nahtlos in Ihren vorhandenen TMflow Vision Node integriert werden. Revolutionieren Sie Ihre automatisierten Prozesse mit Funktionen wie der Positionierung von Bauteilen, dem Lesen von Barcodes, der Dimensionenmessung und der visuellen Inspektion. Durch die Nutzung von AI Vision sind Sie bereit, Ihre Produktionsqualit\u00e4t zu verbessern und die betriebliche Effizienz zu maximieren.","robots":{"index":"index","follow":"follow","max-snippet":"max-snippet:-1","max-image-preview":"max-image-preview:large","max-video-preview":"max-video-preview:-1"},"canonical":"https:\/\/www2.tm-robot.com\/de\/introduction-of-ai-vision\/","og_locale":"de_DE","og_type":"article","og_title":"Einf\u00fchrung von AI Vision | Techman Robot","og_description":"AI Vision ist eine Serie von Erweiterungsmerkmalen und Produkten, die nahtlos in Ihren vorhandenen TMflow Vision Node integriert werden. Revolutionieren Sie Ihre automatisierten Prozesse mit Funktionen wie der Positionierung von Bauteilen, dem Lesen von Barcodes, der Dimensionenmessung und der visuellen Inspektion. Durch die Nutzung von AI Vision sind Sie bereit, Ihre Produktionsqualit\u00e4t zu verbessern und die betriebliche Effizienz zu maximieren.","og_url":"https:\/\/www2.tm-robot.com\/de\/introduction-of-ai-vision\/","og_site_name":"Techman Robot","article_modified_time":"2024-12-23T07:48:52+00:00","twitter_card":"summary_large_image","schema":{"@context":"https:\/\/schema.org","@graph":[{"@type":"Organization","@id":"https:\/\/www.tm-robot.com\/zh-hant\/#organization","name":"Techman Robot","url":"https:\/\/www.tm-robot.com\/zh-hant\/","sameAs":[],"logo":{"@type":"ImageObject","@id":"https:\/\/www.tm-robot.com\/zh-hant\/#logo","inLanguage":"de-DE","url":"https:\/\/tm-robot.oss-cn-hongkong.aliyuncs.com\/wp-content\/uploads\/2018\/09\/logo.png","contentUrl":"https:\/\/tm-robot.oss-cn-hongkong.aliyuncs.com\/wp-content\/uploads\/2018\/09\/logo.png","width":221,"height":196,"caption":"Techman Robot"},"image":{"@id":"https:\/\/www.tm-robot.com\/zh-hant\/#logo"}},{"@type":"WebSite","@id":"https:\/\/www.tm-robot.com\/zh-hant\/#website","url":"https:\/\/www.tm-robot.com\/zh-hant\/","name":"Techman Robot","description":"Intelligent Cobots for a World of Applications","publisher":{"@id":"https:\/\/www.tm-robot.com\/zh-hant\/#organization"},"potentialAction":[{"@type":"SearchAction","target":{"@type":"EntryPoint","urlTemplate":"https:\/\/www.tm-robot.com\/zh-hant\/?s={search_term_string}"},"query-input":"required name=search_term_string"}],"inLanguage":"de-DE"},{"@type":"WebPage","@id":"https:\/\/www2.tm-robot.com\/de\/introduction-of-ai-vision\/#webpage","url":"https:\/\/www2.tm-robot.com\/de\/introduction-of-ai-vision\/","name":"Einf\u00fchrung von AI Vision | Techman Robot","isPartOf":{"@id":"https:\/\/www.tm-robot.com\/zh-hant\/#website"},"datePublished":"2024-02-05T08:54:15+00:00","dateModified":"2024-12-23T07:48:52+00:00","description":"AI Vision ist eine Serie von Erweiterungsmerkmalen und Produkten, die nahtlos in Ihren vorhandenen TMflow Vision Node integriert werden. Revolutionieren Sie Ihre automatisierten Prozesse mit Funktionen wie der Positionierung von Bauteilen, dem Lesen von Barcodes, der Dimensionenmessung und der visuellen Inspektion. Durch die Nutzung von AI Vision sind Sie bereit, Ihre Produktionsqualit\u00e4t zu verbessern und die betriebliche Effizienz zu maximieren.","breadcrumb":{"@id":"https:\/\/www2.tm-robot.com\/de\/introduction-of-ai-vision\/#breadcrumb"},"inLanguage":"de-DE","potentialAction":[{"@type":"ReadAction","target":["https:\/\/www2.tm-robot.com\/de\/introduction-of-ai-vision\/"]}]},{"@type":"BreadcrumbList","@id":"https:\/\/www2.tm-robot.com\/de\/introduction-of-ai-vision\/#breadcrumb","itemListElement":[{"@type":"ListItem","position":1,"name":"Home","item":"https:\/\/www.tm-robot.com\/de\/"},{"@type":"ListItem","position":2,"name":"Einf\u00fchrung von AI Vision"}]}]}},"_links":{"self":[{"href":"https:\/\/www2.tm-robot.com\/de\/wp-json\/wp\/v2\/pages\/106268"}],"collection":[{"href":"https:\/\/www2.tm-robot.com\/de\/wp-json\/wp\/v2\/pages"}],"about":[{"href":"https:\/\/www2.tm-robot.com\/de\/wp-json\/wp\/v2\/types\/page"}],"author":[{"embeddable":true,"href":"https:\/\/www2.tm-robot.com\/de\/wp-json\/wp\/v2\/users\/1"}],"replies":[{"embeddable":true,"href":"https:\/\/www2.tm-robot.com\/de\/wp-json\/wp\/v2\/comments?post=106268"}],"version-history":[{"count":4,"href":"https:\/\/www2.tm-robot.com\/de\/wp-json\/wp\/v2\/pages\/106268\/revisions"}],"predecessor-version":[{"id":120445,"href":"https:\/\/www2.tm-robot.com\/de\/wp-json\/wp\/v2\/pages\/106268\/revisions\/120445"}],"wp:attachment":[{"href":"https:\/\/www2.tm-robot.com\/de\/wp-json\/wp\/v2\/media?parent=106268"}],"wp:term":[{"taxonomy":"wf_page_folders","embeddable":true,"href":"https:\/\/www2.tm-robot.com\/de\/wp-json\/wp\/v2\/wf_page_folders?post=106268"}],"curies":[{"name":"wp","href":"https:\/\/api.w.org\/{rel}","templated":true}]}}